{"id":20023,"date":"2024-02-07T12:24:19","date_gmt":"2024-02-07T11:24:19","guid":{"rendered":"https:\/\/ordolea.com\/beneficis\/"},"modified":"2025-01-31T11:14:22","modified_gmt":"2025-01-31T10:14:22","slug":"beneficis","status":"publish","type":"page","link":"https:\/\/ordolea.com\/ca\/beneficis\/","title":{"rendered":"Beneficis"},"content":{"rendered":"\t\t<div data-elementor-type=\"wp-page\" data-elementor-id=\"20023\" class=\"elementor elementor-20023 elementor-16935\">\n\t\t\t\t<div class=\"elementor-element elementor-element-0527e82 e-con-full wd-section-stretch-content e-flex e-con e-parent\" data-id=\"0527e82\" data-element_type=\"container\" data-settings=\"{&quot;background_background&quot;:&quot;classic&quot;}\">\n\t\t\t\t<div class=\"elementor-element elementor-element-a9dbf6d elementor-widget elementor-widget-image\" data-id=\"a9dbf6d\" data-element_type=\"widget\" data-widget_type=\"image.default\">\n\t\t\t\t<div class=\"elementor-widget-container\">\n\t\t\t\t\t\t\t\t\t\t\t\t\t<img fetchpriority=\"high\" decoding=\"async\" width=\"2560\" height=\"905\" src=\"https:\/\/ordolea.com\/wp-content\/uploads\/2024\/02\/ensalada_01-scaled.webp\" class=\"attachment-full size-full wp-image-17013\" alt=\"\" srcset=\"https:\/\/ordolea.com\/wp-content\/uploads\/2024\/02\/ensalada_01-scaled.webp 2560w, https:\/\/ordolea.com\/wp-content\/uploads\/2024\/02\/ensalada_01-400x141.webp 400w, https:\/\/ordolea.com\/wp-content\/uploads\/2024\/02\/ensalada_01-1300x460.webp 1300w, https:\/\/ordolea.com\/wp-content\/uploads\/2024\/02\/ensalada_01-768x272.webp 768w, https:\/\/ordolea.com\/wp-content\/uploads\/2024\/02\/ensalada_01-1536x543.webp 1536w, https:\/\/ordolea.com\/wp-content\/uploads\/2024\/02\/ensalada_01-2048x724.webp 2048w, https:\/\/ordolea.com\/wp-content\/uploads\/2024\/02\/ensalada_01-150x53.webp 150w\" sizes=\"(max-width: 2560px) 100vw, 2560px\" \/>\t\t\t\t\t\t\t\t\t\t\t\t\t<\/div>\n\t\t\t\t<\/div>\n\t\t\t\t<\/div>\n\t\t<div class=\"elementor-element elementor-element-5291914 wd-section-stretch-content e-con-full e-flex e-con e-parent\" data-id=\"5291914\" data-element_type=\"container\">\n\t\t<div class=\"elementor-element elementor-element-28809d9 e-con-full e-flex wd-section-disabled e-con e-child\" data-id=\"28809d9\" data-element_type=\"container\">\n\t\t\t\t<div class=\"elementor-element elementor-element-dacfa8d elementor-widget elementor-widget-heading\" data-id=\"dacfa8d\" data-element_type=\"widget\" data-widget_type=\"heading.default\">\n\t\t\t\t<div class=\"elementor-widget-container\">\n\t\t\t<h1 class=\"elementor-heading-title elementor-size-default\">ELS 8 PRINCIPALS BENEFICIS DE L'OOVE<\/h1>\t\t<\/div>\n\t\t\t\t<\/div>\n\t\t\t\t<div class=\"elementor-element elementor-element-012f18a color-scheme-inherit text-left elementor-widget elementor-widget-text-editor\" data-id=\"012f18a\" data-element_type=\"widget\" data-widget_type=\"text-editor.default\">\n\t\t\t\t<div class=\"elementor-widget-container\">\n\t\t\t\t\t\t\t<p>L&#8217;Oli d&#8217;Oliva Verge Extra (OOVE) ha estat aclamat com un dels aliments m\u00e9s saludables i vers\u00e0tils disponibles, amb una llarga llista de beneficis que van m\u00e9s enll\u00e0 de simplement real\u00e7ar el sabor dels aliments.<\/p>\n<h2>1. Evita les malalties cardiovasculars<\/h2>\n<p>L&#8217;\u00e0cid oleic, principal component de l&#8217;oli d&#8217;oliva verge extra, ajuda a reduir el nivell de colesterol LDL (el ro\u00edn) i a augmentar el HDL (el bo) en sang.<\/p>\n<h2>2. Fortaleix el sistema inmunol\u00f2gic<\/h2>\n<p>Els polifenols presents en l&#8217;oli d&#8217;oliva verge extra contenen propietats inmunol\u00f2giques que protegeixen front a bacteris i virus.<\/p>\n<h2>3. Redueix el risc de patir c\u00e0ncer<\/h2>\n<p>Diversos estudis conclouen que l&#8217;Oleocantal, compost org\u00e0nic que es troba a l&#8217;OOVE, \u00e9s el responsable de destruir les c\u00e8l\u00b7lules canceroses del cos.<\/p>\n<h2>4. Prev\u00e9 l&#8217;envelliment prematur<\/h2>\n<p>L&#8217;oli d&#8217;oliva verge extra tamb\u00e9 cont\u00e9 vitamina E, un potent antioxidant que ajuda a combatre els radicals lliures i a reduir el proc\u00e9s d&#8217;envelliment de les c\u00e8l\u00b7lules.<\/p>\n<h2>5. Prev\u00e9 la p\u00e8rdua de mem\u00f2ria i redueix el risc de patir Alzheimer<\/h2>\n<p>L&#8217;OOVE ajuda a protegir els vasos sanguinis del cervell i fins i tot a eliminar els compostos que provoquen l&#8217;envelliment cerebral.<\/p>\n<h2>6. Es benefici\u00f3s per al sistema digestiu<\/h2>\n<p>L&#8217;\u00e0cid oleic present en l&#8217;oli d&#8217;oliva afavoreix la funci\u00f3 digestiva, redueix la secreci\u00f3 \u00e0cida g\u00e0strica, ajuda a combatre l&#8217;estrenyiment al tenir un suau efecte laxant i millora l&#8217;absorci\u00f3 intestinal dels nutrients.<\/p>\n<h2>7. Ajuda a protegir i enfortir els ossos<\/h2>\n<p>Diversos estudis indiquen que els polifenols i els greixos monoinsaturats que el componen poden ralentitzar la p\u00e8rdua de massa \u00f2ssia.<\/p>\n<h2>8. Millora l&#8217;estat d&#8217;\u00e0nim <\/h2>\n<p>Els greixos saludables de l&#8217;oli d&#8217;oliva verge extra ajuden a regular els nivells de dopamina i serotonina al cos, neurotransmissors que influieixen directament en l&#8217;estat an\u00edmic.<\/p>\n\t\t\t\t\t\t<\/div>\n\t\t\t\t<\/div>\n\t\t\t\t<\/div>\n\t\t<div class=\"elementor-element elementor-element-6345ba5 e-con-full e-flex wd-section-disabled e-con e-child\" data-id=\"6345ba5\" data-element_type=\"container\">\n\t\t\t\t<div class=\"elementor-element elementor-element-3f58eeb elementor-widget elementor-widget-image\" data-id=\"3f58eeb\" data-element_type=\"widget\" data-widget_type=\"image.default\">\n\t\t\t\t<div class=\"elementor-widget-container\">\n\t\t\t\t\t\t\t\t\t\t\t\t\t<img decoding=\"async\" width=\"650\" height=\"1000\" src=\"https:\/\/ordolea.com\/wp-content\/uploads\/2024\/02\/aove.webp\" class=\"attachment-full size-full wp-image-17427\" alt=\"\" srcset=\"https:\/\/ordolea.com\/wp-content\/uploads\/2024\/02\/aove.webp 650w, https:\/\/ordolea.com\/wp-content\/uploads\/2024\/02\/aove-195x300.webp 195w, https:\/\/ordolea.com\/wp-content\/uploads\/2024\/02\/aove-520x800.webp 520w, https:\/\/ordolea.com\/wp-content\/uploads\/2024\/02\/aove-150x231.webp 150w\" sizes=\"(max-width: 650px) 100vw, 650px\" \/>\t\t\t\t\t\t\t\t\t\t\t\t\t<\/div>\n\t\t\t\t<\/div>\n\t\t\t\t<\/div>\n\t\t\t\t<\/div>\n\t\t\t\t<\/div>\n\t\t","protected":false},"excerpt":{"rendered":"<p>ELS 8 PRINCIPALS BENEFICIS DE L&#8217;OOVE L&#8217;Oli d&#8217;Oliva Verge Extra (OOVE) ha estat aclamat com un dels aliments m\u00e9s saludables<\/p>\n","protected":false},"author":1,"featured_media":0,"parent":0,"menu_order":0,"comment_status":"closed","ping_status":"closed","template":"","meta":{"footnotes":""},"class_list":["post-20023","page","type-page","status-publish","hentry"],"yoast_head":"<!-- This site is optimized with the Yoast SEO plugin v23.9 - https:\/\/yoast.com\/wordpress\/plugins\/seo\/ -->\n<title>8 Beneficis de l&#039;Oli d&#039;Oliva - Ordolea<\/title>\n<meta name=\"description\" content=\"Descobreix els 8 principals beneficis de l&#039;oli d&#039;oliva verge extra i com poden ajudar-te al teu dia a dia.\" \/>\n<meta name=\"robots\" content=\"index, follow, max-snippet:-1, max-image-preview:large, max-video-preview:-1\" \/>\n<link rel=\"canonical\" href=\"https:\/\/ordolea.com\/beneficios\/\" \/>\n<meta property=\"og:locale\" content=\"ca_ES\" \/>\n<meta property=\"og:type\" content=\"article\" \/>\n<meta property=\"og:title\" content=\"8 Beneficis de l&#039;Oli d&#039;Oliva - Ordolea\" \/>\n<meta property=\"og:description\" content=\"Descobreix els 8 principals beneficis de l&#039;oli d&#039;oliva verge extra i com poden ajudar-te al teu dia a dia.\" \/>\n<meta property=\"og:url\" content=\"https:\/\/ordolea.com\/beneficios\/\" \/>\n<meta property=\"og:site_name\" content=\"OR d&#039;Olea\" \/>\n<meta property=\"article:publisher\" content=\"https:\/\/www.facebook.com\/OrdOlea?locale=es_ES\" \/>\n<meta property=\"article:modified_time\" content=\"2025-01-31T10:14:22+00:00\" \/>\n<meta property=\"og:image\" content=\"https:\/\/ordolea.com\/wp-content\/uploads\/2024\/02\/ensalada_01-scaled.webp\" \/>\n<meta name=\"twitter:card\" content=\"summary_large_image\" \/>\n<meta name=\"twitter:label1\" content=\"Temps estimat de lectura\" \/>\n\t<meta name=\"twitter:data1\" content=\"2 minuts\" \/>\n<script type=\"application\/ld+json\" class=\"yoast-schema-graph\">{\"@context\":\"https:\/\/schema.org\",\"@graph\":[{\"@type\":\"WebPage\",\"@id\":\"https:\/\/ordolea.com\/beneficios\/\",\"url\":\"https:\/\/ordolea.com\/beneficios\/\",\"name\":\"8 Beneficis de l'Oli d'Oliva - Ordolea\",\"isPartOf\":{\"@id\":\"https:\/\/ordolea.com\/#website\"},\"primaryImageOfPage\":{\"@id\":\"https:\/\/ordolea.com\/beneficios\/#primaryimage\"},\"image\":{\"@id\":\"https:\/\/ordolea.com\/beneficios\/#primaryimage\"},\"thumbnailUrl\":\"https:\/\/ordolea.com\/wp-content\/uploads\/2024\/02\/ensalada_01-scaled.webp\",\"datePublished\":\"2024-02-07T11:24:19+00:00\",\"dateModified\":\"2025-01-31T10:14:22+00:00\",\"description\":\"Descobreix els 8 principals beneficis de l'oli d'oliva verge extra i com poden ajudar-te al teu dia a dia.\",\"breadcrumb\":{\"@id\":\"https:\/\/ordolea.com\/beneficios\/#breadcrumb\"},\"inLanguage\":\"ca\",\"potentialAction\":[{\"@type\":\"ReadAction\",\"target\":[\"https:\/\/ordolea.com\/beneficios\/\"]}]},{\"@type\":\"ImageObject\",\"inLanguage\":\"ca\",\"@id\":\"https:\/\/ordolea.com\/beneficios\/#primaryimage\",\"url\":\"https:\/\/ordolea.com\/wp-content\/uploads\/2024\/02\/ensalada_01-scaled.webp\",\"contentUrl\":\"https:\/\/ordolea.com\/wp-content\/uploads\/2024\/02\/ensalada_01-scaled.webp\"},{\"@type\":\"BreadcrumbList\",\"@id\":\"https:\/\/ordolea.com\/beneficios\/#breadcrumb\",\"itemListElement\":[{\"@type\":\"ListItem\",\"position\":1,\"name\":\"Portada\",\"item\":\"https:\/\/ordolea.com\/ca\/\"},{\"@type\":\"ListItem\",\"position\":2,\"name\":\"Beneficis\"}]},{\"@type\":\"WebSite\",\"@id\":\"https:\/\/ordolea.com\/#website\",\"url\":\"https:\/\/ordolea.com\/\",\"name\":\"OR d'Olea\",\"description\":\"\",\"publisher\":{\"@id\":\"https:\/\/ordolea.com\/#organization\"},\"alternateName\":\"Or d'Olea\",\"potentialAction\":[{\"@type\":\"SearchAction\",\"target\":{\"@type\":\"EntryPoint\",\"urlTemplate\":\"https:\/\/ordolea.com\/?s={search_term_string}\"},\"query-input\":{\"@type\":\"PropertyValueSpecification\",\"valueRequired\":true,\"valueName\":\"search_term_string\"}}],\"inLanguage\":\"ca\"},{\"@type\":\"Organization\",\"@id\":\"https:\/\/ordolea.com\/#organization\",\"name\":\"Ordolea\",\"url\":\"https:\/\/ordolea.com\/\",\"logo\":{\"@type\":\"ImageObject\",\"inLanguage\":\"ca\",\"@id\":\"https:\/\/ordolea.com\/#\/schema\/logo\/image\/\",\"url\":\"https:\/\/ordolea.com\/wp-content\/uploads\/2024\/04\/Logo-OR-DOLEA-1.png\",\"contentUrl\":\"https:\/\/ordolea.com\/wp-content\/uploads\/2024\/04\/Logo-OR-DOLEA-1.png\",\"width\":287,\"height\":455,\"caption\":\"Ordolea\"},\"image\":{\"@id\":\"https:\/\/ordolea.com\/#\/schema\/logo\/image\/\"},\"sameAs\":[\"https:\/\/www.facebook.com\/OrdOlea?locale=es_ES\",\"https:\/\/www.instagram.com\/or_d_olea\/\"]}]}<\/script>\n<!-- \/ Yoast SEO plugin. -->","yoast_head_json":{"title":"8 Beneficis de l'Oli d'Oliva - Ordolea","description":"Descobreix els 8 principals beneficis de l'oli d'oliva verge extra i com poden ajudar-te al teu dia a dia.","robots":{"index":"index","follow":"follow","max-snippet":"max-snippet:-1","max-image-preview":"max-image-preview:large","max-video-preview":"max-video-preview:-1"},"canonical":"https:\/\/ordolea.com\/beneficios\/","og_locale":"ca_ES","og_type":"article","og_title":"8 Beneficis de l'Oli d'Oliva - Ordolea","og_description":"Descobreix els 8 principals beneficis de l'oli d'oliva verge extra i com poden ajudar-te al teu dia a dia.","og_url":"https:\/\/ordolea.com\/beneficios\/","og_site_name":"OR d&#039;Olea","article_publisher":"https:\/\/www.facebook.com\/OrdOlea?locale=es_ES","article_modified_time":"2025-01-31T10:14:22+00:00","og_image":[{"url":"https:\/\/ordolea.com\/wp-content\/uploads\/2024\/02\/ensalada_01-scaled.webp"}],"twitter_card":"summary_large_image","twitter_misc":{"Temps estimat de lectura":"2 minuts"},"schema":{"@context":"https:\/\/schema.org","@graph":[{"@type":"WebPage","@id":"https:\/\/ordolea.com\/beneficios\/","url":"https:\/\/ordolea.com\/beneficios\/","name":"8 Beneficis de l'Oli d'Oliva - Ordolea","isPartOf":{"@id":"https:\/\/ordolea.com\/#website"},"primaryImageOfPage":{"@id":"https:\/\/ordolea.com\/beneficios\/#primaryimage"},"image":{"@id":"https:\/\/ordolea.com\/beneficios\/#primaryimage"},"thumbnailUrl":"https:\/\/ordolea.com\/wp-content\/uploads\/2024\/02\/ensalada_01-scaled.webp","datePublished":"2024-02-07T11:24:19+00:00","dateModified":"2025-01-31T10:14:22+00:00","description":"Descobreix els 8 principals beneficis de l'oli d'oliva verge extra i com poden ajudar-te al teu dia a dia.","breadcrumb":{"@id":"https:\/\/ordolea.com\/beneficios\/#breadcrumb"},"inLanguage":"ca","potentialAction":[{"@type":"ReadAction","target":["https:\/\/ordolea.com\/beneficios\/"]}]},{"@type":"ImageObject","inLanguage":"ca","@id":"https:\/\/ordolea.com\/beneficios\/#primaryimage","url":"https:\/\/ordolea.com\/wp-content\/uploads\/2024\/02\/ensalada_01-scaled.webp","contentUrl":"https:\/\/ordolea.com\/wp-content\/uploads\/2024\/02\/ensalada_01-scaled.webp"},{"@type":"BreadcrumbList","@id":"https:\/\/ordolea.com\/beneficios\/#breadcrumb","itemListElement":[{"@type":"ListItem","position":1,"name":"Portada","item":"https:\/\/ordolea.com\/ca\/"},{"@type":"ListItem","position":2,"name":"Beneficis"}]},{"@type":"WebSite","@id":"https:\/\/ordolea.com\/#website","url":"https:\/\/ordolea.com\/","name":"OR d'Olea","description":"","publisher":{"@id":"https:\/\/ordolea.com\/#organization"},"alternateName":"Or d'Olea","potentialAction":[{"@type":"SearchAction","target":{"@type":"EntryPoint","urlTemplate":"https:\/\/ordolea.com\/?s={search_term_string}"},"query-input":{"@type":"PropertyValueSpecification","valueRequired":true,"valueName":"search_term_string"}}],"inLanguage":"ca"},{"@type":"Organization","@id":"https:\/\/ordolea.com\/#organization","name":"Ordolea","url":"https:\/\/ordolea.com\/","logo":{"@type":"ImageObject","inLanguage":"ca","@id":"https:\/\/ordolea.com\/#\/schema\/logo\/image\/","url":"https:\/\/ordolea.com\/wp-content\/uploads\/2024\/04\/Logo-OR-DOLEA-1.png","contentUrl":"https:\/\/ordolea.com\/wp-content\/uploads\/2024\/04\/Logo-OR-DOLEA-1.png","width":287,"height":455,"caption":"Ordolea"},"image":{"@id":"https:\/\/ordolea.com\/#\/schema\/logo\/image\/"},"sameAs":["https:\/\/www.facebook.com\/OrdOlea?locale=es_ES","https:\/\/www.instagram.com\/or_d_olea\/"]}]}},"_links":{"self":[{"href":"https:\/\/ordolea.com\/ca\/wp-json\/wp\/v2\/pages\/20023","targetHints":{"allow":["GET"]}}],"collection":[{"href":"https:\/\/ordolea.com\/ca\/wp-json\/wp\/v2\/pages"}],"about":[{"href":"https:\/\/ordolea.com\/ca\/wp-json\/wp\/v2\/types\/page"}],"author":[{"embeddable":true,"href":"https:\/\/ordolea.com\/ca\/wp-json\/wp\/v2\/users\/1"}],"replies":[{"embeddable":true,"href":"https:\/\/ordolea.com\/ca\/wp-json\/wp\/v2\/comments?post=20023"}],"version-history":[{"count":1,"href":"https:\/\/ordolea.com\/ca\/wp-json\/wp\/v2\/pages\/20023\/revisions"}],"predecessor-version":[{"id":20027,"href":"https:\/\/ordolea.com\/ca\/wp-json\/wp\/v2\/pages\/20023\/revisions\/20027"}],"wp:attachment":[{"href":"https:\/\/ordolea.com\/ca\/wp-json\/wp\/v2\/media?parent=20023"}],"curies":[{"name":"wp","href":"https:\/\/api.w.org\/{rel}","templated":true}]}}