{"id":19224,"date":"2024-02-07T12:24:19","date_gmt":"2024-02-07T11:24:19","guid":{"rendered":"https:\/\/ordolea.com\/eigenschaften\/"},"modified":"2024-08-01T16:18:24","modified_gmt":"2024-08-01T14:18:24","slug":"eigenschaften","status":"publish","type":"page","link":"https:\/\/ordolea.com\/de\/eigenschaften\/","title":{"rendered":"Vorteile"},"content":{"rendered":"\t\t<div data-elementor-type=\"wp-page\" data-elementor-id=\"19224\" class=\"elementor elementor-19224 elementor-16935\">\n\t\t\t\t<div class=\"elementor-element elementor-element-0527e82 e-con-full wd-section-stretch-content e-flex e-con e-parent\" data-id=\"0527e82\" data-element_type=\"container\" data-settings=\"{&quot;background_background&quot;:&quot;classic&quot;}\">\n\t\t\t\t<div class=\"elementor-element elementor-element-a9dbf6d elementor-widget elementor-widget-image\" data-id=\"a9dbf6d\" data-element_type=\"widget\" data-widget_type=\"image.default\">\n\t\t\t\t<div class=\"elementor-widget-container\">\n\t\t\t\t\t\t\t\t\t\t\t\t\t<img fetchpriority=\"high\" decoding=\"async\" width=\"2560\" height=\"905\" src=\"https:\/\/ordolea.com\/wp-content\/uploads\/2024\/02\/ensalada_01-scaled.webp\" class=\"attachment-full size-full wp-image-17013\" alt=\"\" srcset=\"https:\/\/ordolea.com\/wp-content\/uploads\/2024\/02\/ensalada_01-scaled.webp 2560w, https:\/\/ordolea.com\/wp-content\/uploads\/2024\/02\/ensalada_01-400x141.webp 400w, https:\/\/ordolea.com\/wp-content\/uploads\/2024\/02\/ensalada_01-1300x460.webp 1300w, https:\/\/ordolea.com\/wp-content\/uploads\/2024\/02\/ensalada_01-768x272.webp 768w, https:\/\/ordolea.com\/wp-content\/uploads\/2024\/02\/ensalada_01-1536x543.webp 1536w, https:\/\/ordolea.com\/wp-content\/uploads\/2024\/02\/ensalada_01-2048x724.webp 2048w, https:\/\/ordolea.com\/wp-content\/uploads\/2024\/02\/ensalada_01-150x53.webp 150w\" sizes=\"(max-width: 2560px) 100vw, 2560px\" \/>\t\t\t\t\t\t\t\t\t\t\t\t\t<\/div>\n\t\t\t\t<\/div>\n\t\t\t\t<\/div>\n\t\t<div class=\"elementor-element elementor-element-5291914 wd-section-stretch-content e-con-full e-flex e-con e-parent\" data-id=\"5291914\" data-element_type=\"container\">\n\t\t<div class=\"elementor-element elementor-element-28809d9 e-con-full e-flex wd-section-disabled e-con e-child\" data-id=\"28809d9\" data-element_type=\"container\">\n\t\t\t\t<div class=\"elementor-element elementor-element-dacfa8d elementor-widget elementor-widget-heading\" data-id=\"dacfa8d\" data-element_type=\"widget\" data-widget_type=\"heading.default\">\n\t\t\t\t<div class=\"elementor-widget-container\">\n\t\t\t<h1 class=\"elementor-heading-title elementor-size-default\">DIE 8 WICHTIGSTEN VORTEILE DES NATIVEN OLIVEN\u00d6LS EXTRA (NOE)<\/h1>\t\t<\/div>\n\t\t\t\t<\/div>\n\t\t\t\t<div class=\"elementor-element elementor-element-012f18a color-scheme-inherit text-left elementor-widget elementor-widget-text-editor\" data-id=\"012f18a\" data-element_type=\"widget\" data-widget_type=\"text-editor.default\">\n\t\t\t\t<div class=\"elementor-widget-container\">\n\t\t\t\t\t\t\t<p style=\"text-align: left;\">Nativen Oliven\u00f6ls extra (NOE) wird als eines der ges\u00fcndesten und vielseitigsten Lebensmittel gefeiert, mit einer langen Liste von Vorteilen, die weit \u00fcber die blo\u00dfe Geschmacksverbesserung von Lebensmitteln hinausgehen.<\/p><h2 style=\"text-align: left;\">1. Beugt Herz- und Kreislauferkrankungen vor<\/h2><p style=\"text-align: left;\">Die \u00d6ls\u00e4ure, Hauptbestandteil des nativen Oliven\u00f6ls extra, tr\u00e4gt zur Reduzierung der Werte des (\u201cschlechten\u201d) LDL- Cholesterins im Blut und zur Erh\u00f6hung des (\u201cguten\u201d) HDL- Cholesterins bei.<\/p><h2 style=\"text-align: left;\">2. St\u00e4rkt das Immunsystem<\/h2><p style=\"text-align: left;\">Die im nativen Oliven\u00f6l extra enthaltenen Polyphenole weisen immunologische Eigenschaften auf, die vor Bakterien und Viren sch\u00fctzen.<\/p><h2 style=\"text-align: left;\">3. Reduziert das Krebsrisiko<\/h2><p style=\"text-align: left;\">Zahlreiche Studien zeigen, dass Oleocanthal, eine im nativen Oliven\u00f6l extra enthaltene organische Verbindung, f\u00fcr die Zerst\u00f6rung von Krebszellen im K\u00f6rper verantwortlich ist.<\/p><h2 style=\"text-align: left;\">4. Verhindert vorzeitiges Altern<\/h2><p style=\"text-align: left;\">Das native Oliven\u00f6l extra enth\u00e4lt auch Vitamin E, ein starkes Antioxidans, das dazu beitr\u00e4gt, die freien Radikale zu bek\u00e4mpfen und den Alterungsprozess der Zellen aufzuhalten.<\/p><h2 style=\"text-align: left;\">5. Beugt Vergesslichkeit vor und reduziert das Alzheimer- Risiko<\/h2><p style=\"text-align: left;\">Das native Oliven\u00f6l extra tr\u00e4gt zum Schutz der Blutgef\u00e4\u00dfe im Gehirn bei und sogar zur Eliminierung chemischer Verbindungen, die f\u00fcr den Alterungsprozess des Gehirns verantwortlich sind.<\/p><h2 style=\"text-align: left;\">6. F\u00f6rdert die Gesundheit des Verdauungssystems<\/h2><p style=\"text-align: left;\">Die im Oliven\u00f6l enthaltene \u00d6ls\u00e4ure f\u00f6rdert die Verdauung, reduziert die Bildung von Magens\u00e4ure, tr\u00e4gt durch seine leicht abf\u00fchrende Wirkung zur Bek\u00e4mpfung von Verstopfung bei und verbessert die Aufnahme der N\u00e4hrstoffe im Darm.<\/p><h2 style=\"text-align: left;\">7. Tr\u00e4gt zum Schutz und zur St\u00e4rkung der Knochen bei<\/h2><p style=\"text-align: left;\">Verschiedene Studien zeigen, dass die enthaltenen Polyphenole und einfach unges\u00e4ttigten Fetts\u00e4uren den Verlust von Knochenmasse verlangsamen k\u00f6nnen.<\/p><h2 style=\"text-align: left;\">8. Hebt die Stimmung<\/h2><p style=\"text-align: left;\">Die gesundheitsf\u00f6rdernden Fette des nativen Oliven\u00f6ls extra tragen dazu bei, den Dopamin- und Serotoninspiegel im K\u00f6rper zu regulieren. Dabei handelt es sich um Neurotransmissoren, die direkt die Stimmungslage beeinflussen.<\/p>\t\t\t\t\t\t<\/div>\n\t\t\t\t<\/div>\n\t\t\t\t<\/div>\n\t\t<div class=\"elementor-element elementor-element-6345ba5 e-con-full e-flex wd-section-disabled e-con e-child\" data-id=\"6345ba5\" data-element_type=\"container\">\n\t\t\t\t<div class=\"elementor-element elementor-element-3f58eeb elementor-widget elementor-widget-image\" data-id=\"3f58eeb\" data-element_type=\"widget\" data-widget_type=\"image.default\">\n\t\t\t\t<div class=\"elementor-widget-container\">\n\t\t\t\t\t\t\t\t\t\t\t\t\t<img decoding=\"async\" width=\"650\" height=\"1000\" src=\"https:\/\/ordolea.com\/wp-content\/uploads\/2024\/02\/aove.webp\" class=\"attachment-full size-full wp-image-17427\" alt=\"\" srcset=\"https:\/\/ordolea.com\/wp-content\/uploads\/2024\/02\/aove.webp 650w, https:\/\/ordolea.com\/wp-content\/uploads\/2024\/02\/aove-195x300.webp 195w, https:\/\/ordolea.com\/wp-content\/uploads\/2024\/02\/aove-520x800.webp 520w, https:\/\/ordolea.com\/wp-content\/uploads\/2024\/02\/aove-150x231.webp 150w\" sizes=\"(max-width: 650px) 100vw, 650px\" \/>\t\t\t\t\t\t\t\t\t\t\t\t\t<\/div>\n\t\t\t\t<\/div>\n\t\t\t\t<\/div>\n\t\t\t\t<\/div>\n\t\t\t\t<\/div>\n\t\t","protected":false},"excerpt":{"rendered":"<p>DIE 8 WICHTIGSTEN VORTEILE DES NATIVEN OLIVEN\u00d6LS EXTRA (NOE) Nativen Oliven\u00f6ls extra (NOE) wird als eines der ges\u00fcndesten und vielseitigsten<\/p>\n","protected":false},"author":1,"featured_media":0,"parent":0,"menu_order":0,"comment_status":"closed","ping_status":"closed","template":"","meta":{"footnotes":""},"class_list":["post-19224","page","type-page","status-publish","hentry"],"yoast_head":"<!-- This site is optimized with the Yoast SEO plugin v23.9 - https:\/\/yoast.com\/wordpress\/plugins\/seo\/ -->\n<title>8 Beneficios del Aceite de Oliva - Ordolea<\/title>\n<meta name=\"description\" content=\"Descubre los 8 principales beneficios del aceite de oliva virgen extra y c\u00f3mo pueden ayudarte en tu d\u00eda a d\u00eda.\" \/>\n<meta name=\"robots\" content=\"index, follow, max-snippet:-1, max-image-preview:large, max-video-preview:-1\" \/>\n<link rel=\"canonical\" href=\"https:\/\/ordolea.com\/beneficios\/\" \/>\n<meta property=\"og:locale\" content=\"de_DE\" \/>\n<meta property=\"og:type\" content=\"article\" \/>\n<meta property=\"og:title\" content=\"8 Beneficios del Aceite de Oliva - Ordolea\" \/>\n<meta property=\"og:description\" content=\"Descubre los 8 principales beneficios del aceite de oliva virgen extra y c\u00f3mo pueden ayudarte en tu d\u00eda a d\u00eda.\" \/>\n<meta property=\"og:url\" content=\"https:\/\/ordolea.com\/beneficios\/\" \/>\n<meta property=\"og:site_name\" content=\"OR d&#039;Olea\" \/>\n<meta property=\"article:publisher\" content=\"https:\/\/www.facebook.com\/OrdOlea?locale=es_ES\" \/>\n<meta property=\"article:modified_time\" content=\"2024-08-01T14:18:24+00:00\" \/>\n<meta property=\"og:image\" content=\"https:\/\/ordolea.com\/wp-content\/uploads\/2024\/02\/ensalada_01-scaled.webp\" \/>\n<meta name=\"twitter:card\" content=\"summary_large_image\" \/>\n<meta name=\"twitter:label1\" content=\"Gesch\u00e4tzte Lesezeit\" \/>\n\t<meta name=\"twitter:data1\" content=\"2\u00a0Minuten\" \/>\n<script type=\"application\/ld+json\" class=\"yoast-schema-graph\">{\"@context\":\"https:\/\/schema.org\",\"@graph\":[{\"@type\":\"WebPage\",\"@id\":\"https:\/\/ordolea.com\/beneficios\/\",\"url\":\"https:\/\/ordolea.com\/beneficios\/\",\"name\":\"8 Beneficios del Aceite de Oliva - Ordolea\",\"isPartOf\":{\"@id\":\"https:\/\/ordolea.com\/#website\"},\"primaryImageOfPage\":{\"@id\":\"https:\/\/ordolea.com\/beneficios\/#primaryimage\"},\"image\":{\"@id\":\"https:\/\/ordolea.com\/beneficios\/#primaryimage\"},\"thumbnailUrl\":\"https:\/\/ordolea.com\/wp-content\/uploads\/2024\/02\/ensalada_01-scaled.webp\",\"datePublished\":\"2024-02-07T11:24:19+00:00\",\"dateModified\":\"2024-08-01T14:18:24+00:00\",\"description\":\"Descubre los 8 principales beneficios del aceite de oliva virgen extra y c\u00f3mo pueden ayudarte en tu d\u00eda a d\u00eda.\",\"breadcrumb\":{\"@id\":\"https:\/\/ordolea.com\/beneficios\/#breadcrumb\"},\"inLanguage\":\"de\",\"potentialAction\":[{\"@type\":\"ReadAction\",\"target\":[\"https:\/\/ordolea.com\/beneficios\/\"]}]},{\"@type\":\"ImageObject\",\"inLanguage\":\"de\",\"@id\":\"https:\/\/ordolea.com\/beneficios\/#primaryimage\",\"url\":\"https:\/\/ordolea.com\/wp-content\/uploads\/2024\/02\/ensalada_01-scaled.webp\",\"contentUrl\":\"https:\/\/ordolea.com\/wp-content\/uploads\/2024\/02\/ensalada_01-scaled.webp\"},{\"@type\":\"BreadcrumbList\",\"@id\":\"https:\/\/ordolea.com\/beneficios\/#breadcrumb\",\"itemListElement\":[{\"@type\":\"ListItem\",\"position\":1,\"name\":\"Portada\",\"item\":\"https:\/\/ordolea.com\/de\/\"},{\"@type\":\"ListItem\",\"position\":2,\"name\":\"Vorteile\"}]},{\"@type\":\"WebSite\",\"@id\":\"https:\/\/ordolea.com\/#website\",\"url\":\"https:\/\/ordolea.com\/\",\"name\":\"OR d'Olea\",\"description\":\"\",\"publisher\":{\"@id\":\"https:\/\/ordolea.com\/#organization\"},\"alternateName\":\"Or d'Olea\",\"potentialAction\":[{\"@type\":\"SearchAction\",\"target\":{\"@type\":\"EntryPoint\",\"urlTemplate\":\"https:\/\/ordolea.com\/?s={search_term_string}\"},\"query-input\":{\"@type\":\"PropertyValueSpecification\",\"valueRequired\":true,\"valueName\":\"search_term_string\"}}],\"inLanguage\":\"de\"},{\"@type\":\"Organization\",\"@id\":\"https:\/\/ordolea.com\/#organization\",\"name\":\"Ordolea\",\"url\":\"https:\/\/ordolea.com\/\",\"logo\":{\"@type\":\"ImageObject\",\"inLanguage\":\"de\",\"@id\":\"https:\/\/ordolea.com\/#\/schema\/logo\/image\/\",\"url\":\"https:\/\/ordolea.com\/wp-content\/uploads\/2024\/04\/Logo-OR-DOLEA-1.png\",\"contentUrl\":\"https:\/\/ordolea.com\/wp-content\/uploads\/2024\/04\/Logo-OR-DOLEA-1.png\",\"width\":287,\"height\":455,\"caption\":\"Ordolea\"},\"image\":{\"@id\":\"https:\/\/ordolea.com\/#\/schema\/logo\/image\/\"},\"sameAs\":[\"https:\/\/www.facebook.com\/OrdOlea?locale=es_ES\",\"https:\/\/www.instagram.com\/or_d_olea\/\"]}]}<\/script>\n<!-- \/ Yoast SEO plugin. -->","yoast_head_json":{"title":"8 Beneficios del Aceite de Oliva - Ordolea","description":"Descubre los 8 principales beneficios del aceite de oliva virgen extra y c\u00f3mo pueden ayudarte en tu d\u00eda a d\u00eda.","robots":{"index":"index","follow":"follow","max-snippet":"max-snippet:-1","max-image-preview":"max-image-preview:large","max-video-preview":"max-video-preview:-1"},"canonical":"https:\/\/ordolea.com\/beneficios\/","og_locale":"de_DE","og_type":"article","og_title":"8 Beneficios del Aceite de Oliva - Ordolea","og_description":"Descubre los 8 principales beneficios del aceite de oliva virgen extra y c\u00f3mo pueden ayudarte en tu d\u00eda a d\u00eda.","og_url":"https:\/\/ordolea.com\/beneficios\/","og_site_name":"OR d&#039;Olea","article_publisher":"https:\/\/www.facebook.com\/OrdOlea?locale=es_ES","article_modified_time":"2024-08-01T14:18:24+00:00","og_image":[{"url":"https:\/\/ordolea.com\/wp-content\/uploads\/2024\/02\/ensalada_01-scaled.webp"}],"twitter_card":"summary_large_image","twitter_misc":{"Gesch\u00e4tzte Lesezeit":"2\u00a0Minuten"},"schema":{"@context":"https:\/\/schema.org","@graph":[{"@type":"WebPage","@id":"https:\/\/ordolea.com\/beneficios\/","url":"https:\/\/ordolea.com\/beneficios\/","name":"8 Beneficios del Aceite de Oliva - Ordolea","isPartOf":{"@id":"https:\/\/ordolea.com\/#website"},"primaryImageOfPage":{"@id":"https:\/\/ordolea.com\/beneficios\/#primaryimage"},"image":{"@id":"https:\/\/ordolea.com\/beneficios\/#primaryimage"},"thumbnailUrl":"https:\/\/ordolea.com\/wp-content\/uploads\/2024\/02\/ensalada_01-scaled.webp","datePublished":"2024-02-07T11:24:19+00:00","dateModified":"2024-08-01T14:18:24+00:00","description":"Descubre los 8 principales beneficios del aceite de oliva virgen extra y c\u00f3mo pueden ayudarte en tu d\u00eda a d\u00eda.","breadcrumb":{"@id":"https:\/\/ordolea.com\/beneficios\/#breadcrumb"},"inLanguage":"de","potentialAction":[{"@type":"ReadAction","target":["https:\/\/ordolea.com\/beneficios\/"]}]},{"@type":"ImageObject","inLanguage":"de","@id":"https:\/\/ordolea.com\/beneficios\/#primaryimage","url":"https:\/\/ordolea.com\/wp-content\/uploads\/2024\/02\/ensalada_01-scaled.webp","contentUrl":"https:\/\/ordolea.com\/wp-content\/uploads\/2024\/02\/ensalada_01-scaled.webp"},{"@type":"BreadcrumbList","@id":"https:\/\/ordolea.com\/beneficios\/#breadcrumb","itemListElement":[{"@type":"ListItem","position":1,"name":"Portada","item":"https:\/\/ordolea.com\/de\/"},{"@type":"ListItem","position":2,"name":"Vorteile"}]},{"@type":"WebSite","@id":"https:\/\/ordolea.com\/#website","url":"https:\/\/ordolea.com\/","name":"OR d'Olea","description":"","publisher":{"@id":"https:\/\/ordolea.com\/#organization"},"alternateName":"Or d'Olea","potentialAction":[{"@type":"SearchAction","target":{"@type":"EntryPoint","urlTemplate":"https:\/\/ordolea.com\/?s={search_term_string}"},"query-input":{"@type":"PropertyValueSpecification","valueRequired":true,"valueName":"search_term_string"}}],"inLanguage":"de"},{"@type":"Organization","@id":"https:\/\/ordolea.com\/#organization","name":"Ordolea","url":"https:\/\/ordolea.com\/","logo":{"@type":"ImageObject","inLanguage":"de","@id":"https:\/\/ordolea.com\/#\/schema\/logo\/image\/","url":"https:\/\/ordolea.com\/wp-content\/uploads\/2024\/04\/Logo-OR-DOLEA-1.png","contentUrl":"https:\/\/ordolea.com\/wp-content\/uploads\/2024\/04\/Logo-OR-DOLEA-1.png","width":287,"height":455,"caption":"Ordolea"},"image":{"@id":"https:\/\/ordolea.com\/#\/schema\/logo\/image\/"},"sameAs":["https:\/\/www.facebook.com\/OrdOlea?locale=es_ES","https:\/\/www.instagram.com\/or_d_olea\/"]}]}},"_links":{"self":[{"href":"https:\/\/ordolea.com\/de\/wp-json\/wp\/v2\/pages\/19224","targetHints":{"allow":["GET"]}}],"collection":[{"href":"https:\/\/ordolea.com\/de\/wp-json\/wp\/v2\/pages"}],"about":[{"href":"https:\/\/ordolea.com\/de\/wp-json\/wp\/v2\/types\/page"}],"author":[{"embeddable":true,"href":"https:\/\/ordolea.com\/de\/wp-json\/wp\/v2\/users\/1"}],"replies":[{"embeddable":true,"href":"https:\/\/ordolea.com\/de\/wp-json\/wp\/v2\/comments?post=19224"}],"version-history":[{"count":10,"href":"https:\/\/ordolea.com\/de\/wp-json\/wp\/v2\/pages\/19224\/revisions"}],"predecessor-version":[{"id":19842,"href":"https:\/\/ordolea.com\/de\/wp-json\/wp\/v2\/pages\/19224\/revisions\/19842"}],"wp:attachment":[{"href":"https:\/\/ordolea.com\/de\/wp-json\/wp\/v2\/media?parent=19224"}],"curies":[{"name":"wp","href":"https:\/\/api.w.org\/{rel}","templated":true}]}}