{"id":19312,"date":"2024-02-23T11:47:14","date_gmt":"2024-02-23T10:47:14","guid":{"rendered":"https:\/\/ordolea.com\/producto\/tarjeta-regalo\/"},"modified":"2024-07-22T09:11:16","modified_gmt":"2024-07-22T07:11:16","slug":"tarjeta-regalo","status":"publish","type":"product","link":"https:\/\/ordolea.com\/de\/producto\/tarjeta-regalo\/","title":{"rendered":"GESCHENKGUTSCHEIN"},"content":{"rendered":"","protected":false},"excerpt":{"rendered":"<p><strong>3 GUTSCHEINE ZUR AUSWAHL<\/strong><\/p>\n<p>Suchst du nach einem besonderen Geschenk?<\/p>\n<p>Schenke eine unserer Geschenkgutscheine und \u00fcberrasche mit hochwertigem nativem Oliven\u00f6l extra.<\/p>\n<p>Die Person, die den Geschenkgutschein erh\u00e4lt, kann aus den Sorten und Produkten von OR D\u2019OLEA w\u00e4hlen.<\/p>\n<p>W\u00e4hle einfach eine der 3 verf\u00fcgbaren Geschenkgutscheine (30, 50 oder 100\u20ac) und wir senden dir eine E-Mail mit dem <strong>Code <\/strong> deines Gutscheins, damit die Person, der du ihn schenken m\u00f6chtest, ihn auf unserer Website einl\u00f6sen kann.<\/p>\n<p>Diese Gutscheine verfallen nicht und bieten die Freiheit, das Geschenk auszuw\u00e4hlen, das wirklich gew\u00fcnscht wird. Der Code kann gegen jedes Produkt auf unserer Website OR D\u2019OLEA im Gegenwert des Geschenkgutscheins eingel\u00f6st werden.<\/p>\n","protected":false},"featured_media":19318,"comment_status":"closed","ping_status":"closed","template":"","meta":[],"product_cat":[135],"product_tag":[],"class_list":{"0":"post-19312","1":"product","2":"type-product","3":"status-publish","4":"has-post-thumbnail","6":"product_cat-tarjeta-de-regalo-de","8":"first","9":"instock","10":"shipping-taxable","11":"purchasable","12":"product-type-variable"},"yoast_head":"<!-- This site is optimized with the Yoast SEO plugin v23.9 - https:\/\/yoast.com\/wordpress\/plugins\/seo\/ -->\n<title>GESCHENKGUTSCHEIN - OR d&#039;Olea<\/title>\n<meta name=\"robots\" content=\"index, follow, max-snippet:-1, max-image-preview:large, max-video-preview:-1\" \/>\n<link rel=\"canonical\" href=\"https:\/\/ordolea.com\/producto\/tarjeta-regalo\/\" \/>\n<meta property=\"og:locale\" content=\"de_DE\" \/>\n<meta property=\"og:type\" content=\"article\" \/>\n<meta property=\"og:title\" content=\"GESCHENKGUTSCHEIN - OR d&#039;Olea\" \/>\n<meta property=\"og:description\" content=\"3 GUTSCHEINE ZUR AUSWAHL  Suchst du nach einem besonderen Geschenk?  Schenke eine unserer Geschenkgutscheine und \u00fcberrasche mit hochwertigem nativem Oliven\u00f6l extra.  Die Person, die den Geschenkgutschein erh\u00e4lt, kann aus den Sorten und Produkten von OR D\u2019OLEA w\u00e4hlen.  W\u00e4hle einfach eine der 3 verf\u00fcgbaren Geschenkgutscheine (30, 50 oder 100\u20ac) und wir senden dir eine E-Mail mit dem Code deines Gutscheins, damit die Person, der du ihn schenken m\u00f6chtest, ihn auf unserer Website einl\u00f6sen kann.  Diese Gutscheine verfallen nicht und bieten die Freiheit, das Geschenk auszuw\u00e4hlen, das wirklich gew\u00fcnscht wird. Der Code kann gegen jedes Produkt auf unserer Website OR D\u2019OLEA im Gegenwert des Geschenkgutscheins eingel\u00f6st werden.\" \/>\n<meta property=\"og:url\" content=\"https:\/\/ordolea.com\/producto\/tarjeta-regalo\/\" \/>\n<meta property=\"og:site_name\" content=\"OR d&#039;Olea\" \/>\n<meta property=\"article:publisher\" content=\"https:\/\/www.facebook.com\/OrdOlea?locale=es_ES\" \/>\n<meta property=\"article:modified_time\" content=\"2024-07-22T07:11:16+00:00\" \/>\n<meta property=\"og:image\" content=\"https:\/\/ordolea.com\/wp-content\/uploads\/2024\/02\/TARJETA-ORDOLEA.webp\" \/>\n\t<meta property=\"og:image:width\" content=\"1500\" \/>\n\t<meta property=\"og:image:height\" content=\"1500\" \/>\n\t<meta property=\"og:image:type\" content=\"image\/webp\" \/>\n<meta name=\"twitter:card\" content=\"summary_large_image\" \/>\n<meta name=\"twitter:label1\" content=\"Gesch\u00e4tzte Lesezeit\" \/>\n\t<meta name=\"twitter:data1\" content=\"1\u00a0Minute\" \/>\n<script type=\"application\/ld+json\" class=\"yoast-schema-graph\">{\"@context\":\"https:\/\/schema.org\",\"@graph\":[{\"@type\":\"WebPage\",\"@id\":\"https:\/\/ordolea.com\/producto\/tarjeta-regalo\/\",\"url\":\"https:\/\/ordolea.com\/producto\/tarjeta-regalo\/\",\"name\":\"GESCHENKGUTSCHEIN - OR d&#039;Olea\",\"isPartOf\":{\"@id\":\"https:\/\/ordolea.com\/#website\"},\"primaryImageOfPage\":{\"@id\":\"https:\/\/ordolea.com\/producto\/tarjeta-regalo\/#primaryimage\"},\"image\":{\"@id\":\"https:\/\/ordolea.com\/producto\/tarjeta-regalo\/#primaryimage\"},\"thumbnailUrl\":\"https:\/\/ordolea.com\/wp-content\/uploads\/2024\/02\/TARJETA-ORDOLEA.webp\",\"datePublished\":\"2024-02-23T10:47:14+00:00\",\"dateModified\":\"2024-07-22T07:11:16+00:00\",\"breadcrumb\":{\"@id\":\"https:\/\/ordolea.com\/producto\/tarjeta-regalo\/#breadcrumb\"},\"inLanguage\":\"de\",\"potentialAction\":[{\"@type\":\"ReadAction\",\"target\":[\"https:\/\/ordolea.com\/producto\/tarjeta-regalo\/\"]}]},{\"@type\":\"ImageObject\",\"inLanguage\":\"de\",\"@id\":\"https:\/\/ordolea.com\/producto\/tarjeta-regalo\/#primaryimage\",\"url\":\"https:\/\/ordolea.com\/wp-content\/uploads\/2024\/02\/TARJETA-ORDOLEA.webp\",\"contentUrl\":\"https:\/\/ordolea.com\/wp-content\/uploads\/2024\/02\/TARJETA-ORDOLEA.webp\",\"width\":1500,\"height\":1500},{\"@type\":\"BreadcrumbList\",\"@id\":\"https:\/\/ordolea.com\/producto\/tarjeta-regalo\/#breadcrumb\",\"itemListElement\":[{\"@type\":\"ListItem\",\"position\":1,\"name\":\"Portada\",\"item\":\"https:\/\/ordolea.com\/de\/\"},{\"@type\":\"ListItem\",\"position\":2,\"name\":\"Shop\",\"item\":\"https:\/\/ordolea.com\/tienda\/\"},{\"@type\":\"ListItem\",\"position\":3,\"name\":\"GESCHENKGUTSCHEIN\"}]},{\"@type\":\"WebSite\",\"@id\":\"https:\/\/ordolea.com\/#website\",\"url\":\"https:\/\/ordolea.com\/\",\"name\":\"OR d'Olea\",\"description\":\"\",\"publisher\":{\"@id\":\"https:\/\/ordolea.com\/#organization\"},\"alternateName\":\"Or d'Olea\",\"potentialAction\":[{\"@type\":\"SearchAction\",\"target\":{\"@type\":\"EntryPoint\",\"urlTemplate\":\"https:\/\/ordolea.com\/?s={search_term_string}\"},\"query-input\":{\"@type\":\"PropertyValueSpecification\",\"valueRequired\":true,\"valueName\":\"search_term_string\"}}],\"inLanguage\":\"de\"},{\"@type\":\"Organization\",\"@id\":\"https:\/\/ordolea.com\/#organization\",\"name\":\"Ordolea\",\"url\":\"https:\/\/ordolea.com\/\",\"logo\":{\"@type\":\"ImageObject\",\"inLanguage\":\"de\",\"@id\":\"https:\/\/ordolea.com\/#\/schema\/logo\/image\/\",\"url\":\"https:\/\/ordolea.com\/wp-content\/uploads\/2024\/04\/Logo-OR-DOLEA-1.png\",\"contentUrl\":\"https:\/\/ordolea.com\/wp-content\/uploads\/2024\/04\/Logo-OR-DOLEA-1.png\",\"width\":287,\"height\":455,\"caption\":\"Ordolea\"},\"image\":{\"@id\":\"https:\/\/ordolea.com\/#\/schema\/logo\/image\/\"},\"sameAs\":[\"https:\/\/www.facebook.com\/OrdOlea?locale=es_ES\",\"https:\/\/www.instagram.com\/or_d_olea\/\"]}]}<\/script>\n<!-- \/ Yoast SEO plugin. -->","yoast_head_json":{"title":"GESCHENKGUTSCHEIN - OR d&#039;Olea","robots":{"index":"index","follow":"follow","max-snippet":"max-snippet:-1","max-image-preview":"max-image-preview:large","max-video-preview":"max-video-preview:-1"},"canonical":"https:\/\/ordolea.com\/producto\/tarjeta-regalo\/","og_locale":"de_DE","og_type":"article","og_title":"GESCHENKGUTSCHEIN - OR d&#039;Olea","og_description":"3 GUTSCHEINE ZUR AUSWAHL  Suchst du nach einem besonderen Geschenk?  Schenke eine unserer Geschenkgutscheine und \u00fcberrasche mit hochwertigem nativem Oliven\u00f6l extra.  Die Person, die den Geschenkgutschein erh\u00e4lt, kann aus den Sorten und Produkten von OR D\u2019OLEA w\u00e4hlen.  W\u00e4hle einfach eine der 3 verf\u00fcgbaren Geschenkgutscheine (30, 50 oder 100\u20ac) und wir senden dir eine E-Mail mit dem Code deines Gutscheins, damit die Person, der du ihn schenken m\u00f6chtest, ihn auf unserer Website einl\u00f6sen kann.  Diese Gutscheine verfallen nicht und bieten die Freiheit, das Geschenk auszuw\u00e4hlen, das wirklich gew\u00fcnscht wird. Der Code kann gegen jedes Produkt auf unserer Website OR D\u2019OLEA im Gegenwert des Geschenkgutscheins eingel\u00f6st werden.","og_url":"https:\/\/ordolea.com\/producto\/tarjeta-regalo\/","og_site_name":"OR d&#039;Olea","article_publisher":"https:\/\/www.facebook.com\/OrdOlea?locale=es_ES","article_modified_time":"2024-07-22T07:11:16+00:00","og_image":[{"width":1500,"height":1500,"url":"https:\/\/ordolea.com\/wp-content\/uploads\/2024\/02\/TARJETA-ORDOLEA.webp","type":"image\/webp"}],"twitter_card":"summary_large_image","twitter_misc":{"Gesch\u00e4tzte Lesezeit":"1\u00a0Minute"},"schema":{"@context":"https:\/\/schema.org","@graph":[{"@type":"WebPage","@id":"https:\/\/ordolea.com\/producto\/tarjeta-regalo\/","url":"https:\/\/ordolea.com\/producto\/tarjeta-regalo\/","name":"GESCHENKGUTSCHEIN - OR d&#039;Olea","isPartOf":{"@id":"https:\/\/ordolea.com\/#website"},"primaryImageOfPage":{"@id":"https:\/\/ordolea.com\/producto\/tarjeta-regalo\/#primaryimage"},"image":{"@id":"https:\/\/ordolea.com\/producto\/tarjeta-regalo\/#primaryimage"},"thumbnailUrl":"https:\/\/ordolea.com\/wp-content\/uploads\/2024\/02\/TARJETA-ORDOLEA.webp","datePublished":"2024-02-23T10:47:14+00:00","dateModified":"2024-07-22T07:11:16+00:00","breadcrumb":{"@id":"https:\/\/ordolea.com\/producto\/tarjeta-regalo\/#breadcrumb"},"inLanguage":"de","potentialAction":[{"@type":"ReadAction","target":["https:\/\/ordolea.com\/producto\/tarjeta-regalo\/"]}]},{"@type":"ImageObject","inLanguage":"de","@id":"https:\/\/ordolea.com\/producto\/tarjeta-regalo\/#primaryimage","url":"https:\/\/ordolea.com\/wp-content\/uploads\/2024\/02\/TARJETA-ORDOLEA.webp","contentUrl":"https:\/\/ordolea.com\/wp-content\/uploads\/2024\/02\/TARJETA-ORDOLEA.webp","width":1500,"height":1500},{"@type":"BreadcrumbList","@id":"https:\/\/ordolea.com\/producto\/tarjeta-regalo\/#breadcrumb","itemListElement":[{"@type":"ListItem","position":1,"name":"Portada","item":"https:\/\/ordolea.com\/de\/"},{"@type":"ListItem","position":2,"name":"Shop","item":"https:\/\/ordolea.com\/tienda\/"},{"@type":"ListItem","position":3,"name":"GESCHENKGUTSCHEIN"}]},{"@type":"WebSite","@id":"https:\/\/ordolea.com\/#website","url":"https:\/\/ordolea.com\/","name":"OR d'Olea","description":"","publisher":{"@id":"https:\/\/ordolea.com\/#organization"},"alternateName":"Or d'Olea","potentialAction":[{"@type":"SearchAction","target":{"@type":"EntryPoint","urlTemplate":"https:\/\/ordolea.com\/?s={search_term_string}"},"query-input":{"@type":"PropertyValueSpecification","valueRequired":true,"valueName":"search_term_string"}}],"inLanguage":"de"},{"@type":"Organization","@id":"https:\/\/ordolea.com\/#organization","name":"Ordolea","url":"https:\/\/ordolea.com\/","logo":{"@type":"ImageObject","inLanguage":"de","@id":"https:\/\/ordolea.com\/#\/schema\/logo\/image\/","url":"https:\/\/ordolea.com\/wp-content\/uploads\/2024\/04\/Logo-OR-DOLEA-1.png","contentUrl":"https:\/\/ordolea.com\/wp-content\/uploads\/2024\/04\/Logo-OR-DOLEA-1.png","width":287,"height":455,"caption":"Ordolea"},"image":{"@id":"https:\/\/ordolea.com\/#\/schema\/logo\/image\/"},"sameAs":["https:\/\/www.facebook.com\/OrdOlea?locale=es_ES","https:\/\/www.instagram.com\/or_d_olea\/"]}]}},"_links":{"self":[{"href":"https:\/\/ordolea.com\/de\/wp-json\/wp\/v2\/product\/19312","targetHints":{"allow":["GET"]}}],"collection":[{"href":"https:\/\/ordolea.com\/de\/wp-json\/wp\/v2\/product"}],"about":[{"href":"https:\/\/ordolea.com\/de\/wp-json\/wp\/v2\/types\/product"}],"replies":[{"embeddable":true,"href":"https:\/\/ordolea.com\/de\/wp-json\/wp\/v2\/comments?post=19312"}],"version-history":[{"count":1,"href":"https:\/\/ordolea.com\/de\/wp-json\/wp\/v2\/product\/19312\/revisions"}],"predecessor-version":[{"id":19744,"href":"https:\/\/ordolea.com\/de\/wp-json\/wp\/v2\/product\/19312\/revisions\/19744"}],"wp:featuredmedia":[{"embeddable":true,"href":"https:\/\/ordolea.com\/de\/wp-json\/wp\/v2\/media\/19318"}],"wp:attachment":[{"href":"https:\/\/ordolea.com\/de\/wp-json\/wp\/v2\/media?parent=19312"}],"wp:term":[{"taxonomy":"product_cat","embeddable":true,"href":"https:\/\/ordolea.com\/de\/wp-json\/wp\/v2\/product_cat?post=19312"},{"taxonomy":"product_tag","embeddable":true,"href":"https:\/\/ordolea.com\/de\/wp-json\/wp\/v2\/product_tag?post=19312"}],"curies":[{"name":"wp","href":"https:\/\/api.w.org\/{rel}","templated":true}]}}