{"id":19327,"date":"2024-02-14T12:05:11","date_gmt":"2024-02-14T11:05:11","guid":{"rendered":"https:\/\/ordolea.com\/producto\/pack-degustacion-500ml\/"},"modified":"2024-07-22T09:11:46","modified_gmt":"2024-07-22T07:11:46","slug":"pack-degustacion-500ml","status":"publish","type":"product","link":"https:\/\/ordolea.com\/de\/producto\/pack-degustacion-500ml\/","title":{"rendered":"PROBIERPACKUNG 500ML"},"content":{"rendered":"","protected":false},"excerpt":{"rendered":"<p>PROBIERPACKUNG 3 SORTEN<\/p>\n<p>Packung mit 3 Flaschen \u00e0 500ml der 3 Premium-Sorten von OR D\u2019OLEA (Alfafarenca, Blanqueta und Man\u00e7anella). Perfekt f\u00fcr Liebhaber von hochwertigem \u00d6l, die die Unterschiede zwischen den Sorten verkosten und genie\u00dfen m\u00f6chten.<\/p>\n<p>Das Set wird in einer praktischen und sehr ansprechenden Box pr\u00e4sentiert.<br \/>\nEIN PERFEKTES GESCHENK!<\/p>\n","protected":false},"featured_media":19328,"comment_status":"open","ping_status":"closed","template":"","meta":[],"product_cat":[137],"product_tag":[],"class_list":{"0":"post-19327","1":"product","2":"type-product","3":"status-publish","4":"has-post-thumbnail","6":"product_cat-pack-degustacion-de","8":"first","9":"instock","10":"shipping-taxable","11":"purchasable","12":"product-type-simple"},"yoast_head":"<!-- This site is optimized with the Yoast SEO plugin v23.9 - https:\/\/yoast.com\/wordpress\/plugins\/seo\/ -->\n<title>PROBIERPACKUNG 500ML - OR d&#039;Olea<\/title>\n<meta name=\"robots\" content=\"index, follow, max-snippet:-1, max-image-preview:large, max-video-preview:-1\" \/>\n<link rel=\"canonical\" href=\"https:\/\/ordolea.com\/producto\/pack-500ml\/\" \/>\n<meta property=\"og:locale\" content=\"de_DE\" \/>\n<meta property=\"og:type\" content=\"article\" \/>\n<meta property=\"og:title\" content=\"PROBIERPACKUNG 500ML - OR d&#039;Olea\" \/>\n<meta property=\"og:description\" content=\"PROBIERPACKUNG 3 SORTEN  Packung mit 3 Flaschen \u00e0 500ml der 3 Premium-Sorten von OR D\u2019OLEA (Alfafarenca, Blanqueta und Man\u00e7anella). Perfekt f\u00fcr Liebhaber von hochwertigem \u00d6l, die die Unterschiede zwischen den Sorten verkosten und genie\u00dfen m\u00f6chten.  Das Set wird in einer praktischen und sehr ansprechenden Box pr\u00e4sentiert. EIN PERFEKTES GESCHENK!\" \/>\n<meta property=\"og:url\" content=\"https:\/\/ordolea.com\/producto\/pack-500ml\/\" \/>\n<meta property=\"og:site_name\" content=\"OR d&#039;Olea\" \/>\n<meta property=\"article:publisher\" content=\"https:\/\/www.facebook.com\/OrdOlea?locale=es_ES\" \/>\n<meta property=\"article:modified_time\" content=\"2024-07-22T07:11:46+00:00\" \/>\n<meta property=\"og:image\" content=\"https:\/\/ordolea.com\/wp-content\/uploads\/2024\/02\/PACK-500.webp\" \/>\n\t<meta property=\"og:image:width\" content=\"500\" \/>\n\t<meta property=\"og:image:height\" content=\"500\" \/>\n\t<meta property=\"og:image:type\" content=\"image\/webp\" \/>\n<meta name=\"twitter:card\" content=\"summary_large_image\" \/>\n<meta name=\"twitter:label1\" content=\"Gesch\u00e4tzte Lesezeit\" \/>\n\t<meta name=\"twitter:data1\" content=\"1\u00a0Minute\" \/>\n<script type=\"application\/ld+json\" class=\"yoast-schema-graph\">{\"@context\":\"https:\/\/schema.org\",\"@graph\":[{\"@type\":\"WebPage\",\"@id\":\"https:\/\/ordolea.com\/producto\/pack-500ml\/\",\"url\":\"https:\/\/ordolea.com\/producto\/pack-500ml\/\",\"name\":\"PROBIERPACKUNG 500ML - OR d&#039;Olea\",\"isPartOf\":{\"@id\":\"https:\/\/ordolea.com\/#website\"},\"primaryImageOfPage\":{\"@id\":\"https:\/\/ordolea.com\/producto\/pack-500ml\/#primaryimage\"},\"image\":{\"@id\":\"https:\/\/ordolea.com\/producto\/pack-500ml\/#primaryimage\"},\"thumbnailUrl\":\"https:\/\/ordolea.com\/wp-content\/uploads\/2024\/02\/PACK-500.webp\",\"datePublished\":\"2024-02-14T11:05:11+00:00\",\"dateModified\":\"2024-07-22T07:11:46+00:00\",\"breadcrumb\":{\"@id\":\"https:\/\/ordolea.com\/producto\/pack-500ml\/#breadcrumb\"},\"inLanguage\":\"de\",\"potentialAction\":[{\"@type\":\"ReadAction\",\"target\":[\"https:\/\/ordolea.com\/producto\/pack-500ml\/\"]}]},{\"@type\":\"ImageObject\",\"inLanguage\":\"de\",\"@id\":\"https:\/\/ordolea.com\/producto\/pack-500ml\/#primaryimage\",\"url\":\"https:\/\/ordolea.com\/wp-content\/uploads\/2024\/02\/PACK-500.webp\",\"contentUrl\":\"https:\/\/ordolea.com\/wp-content\/uploads\/2024\/02\/PACK-500.webp\",\"width\":500,\"height\":500},{\"@type\":\"BreadcrumbList\",\"@id\":\"https:\/\/ordolea.com\/producto\/pack-500ml\/#breadcrumb\",\"itemListElement\":[{\"@type\":\"ListItem\",\"position\":1,\"name\":\"Portada\",\"item\":\"https:\/\/ordolea.com\/de\/\"},{\"@type\":\"ListItem\",\"position\":2,\"name\":\"Shop\",\"item\":\"https:\/\/ordolea.com\/tienda\/\"},{\"@type\":\"ListItem\",\"position\":3,\"name\":\"PROBIERPACKUNG 500ML\"}]},{\"@type\":\"WebSite\",\"@id\":\"https:\/\/ordolea.com\/#website\",\"url\":\"https:\/\/ordolea.com\/\",\"name\":\"OR d'Olea\",\"description\":\"\",\"publisher\":{\"@id\":\"https:\/\/ordolea.com\/#organization\"},\"alternateName\":\"Or d'Olea\",\"potentialAction\":[{\"@type\":\"SearchAction\",\"target\":{\"@type\":\"EntryPoint\",\"urlTemplate\":\"https:\/\/ordolea.com\/?s={search_term_string}\"},\"query-input\":{\"@type\":\"PropertyValueSpecification\",\"valueRequired\":true,\"valueName\":\"search_term_string\"}}],\"inLanguage\":\"de\"},{\"@type\":\"Organization\",\"@id\":\"https:\/\/ordolea.com\/#organization\",\"name\":\"Ordolea\",\"url\":\"https:\/\/ordolea.com\/\",\"logo\":{\"@type\":\"ImageObject\",\"inLanguage\":\"de\",\"@id\":\"https:\/\/ordolea.com\/#\/schema\/logo\/image\/\",\"url\":\"https:\/\/ordolea.com\/wp-content\/uploads\/2024\/04\/Logo-OR-DOLEA-1.png\",\"contentUrl\":\"https:\/\/ordolea.com\/wp-content\/uploads\/2024\/04\/Logo-OR-DOLEA-1.png\",\"width\":287,\"height\":455,\"caption\":\"Ordolea\"},\"image\":{\"@id\":\"https:\/\/ordolea.com\/#\/schema\/logo\/image\/\"},\"sameAs\":[\"https:\/\/www.facebook.com\/OrdOlea?locale=es_ES\",\"https:\/\/www.instagram.com\/or_d_olea\/\"]}]}<\/script>\n<!-- \/ Yoast SEO plugin. -->","yoast_head_json":{"title":"PROBIERPACKUNG 500ML - OR d&#039;Olea","robots":{"index":"index","follow":"follow","max-snippet":"max-snippet:-1","max-image-preview":"max-image-preview:large","max-video-preview":"max-video-preview:-1"},"canonical":"https:\/\/ordolea.com\/producto\/pack-500ml\/","og_locale":"de_DE","og_type":"article","og_title":"PROBIERPACKUNG 500ML - OR d&#039;Olea","og_description":"PROBIERPACKUNG 3 SORTEN  Packung mit 3 Flaschen \u00e0 500ml der 3 Premium-Sorten von OR D\u2019OLEA (Alfafarenca, Blanqueta und Man\u00e7anella). Perfekt f\u00fcr Liebhaber von hochwertigem \u00d6l, die die Unterschiede zwischen den Sorten verkosten und genie\u00dfen m\u00f6chten.  Das Set wird in einer praktischen und sehr ansprechenden Box pr\u00e4sentiert. EIN PERFEKTES GESCHENK!","og_url":"https:\/\/ordolea.com\/producto\/pack-500ml\/","og_site_name":"OR d&#039;Olea","article_publisher":"https:\/\/www.facebook.com\/OrdOlea?locale=es_ES","article_modified_time":"2024-07-22T07:11:46+00:00","og_image":[{"width":500,"height":500,"url":"https:\/\/ordolea.com\/wp-content\/uploads\/2024\/02\/PACK-500.webp","type":"image\/webp"}],"twitter_card":"summary_large_image","twitter_misc":{"Gesch\u00e4tzte Lesezeit":"1\u00a0Minute"},"schema":{"@context":"https:\/\/schema.org","@graph":[{"@type":"WebPage","@id":"https:\/\/ordolea.com\/producto\/pack-500ml\/","url":"https:\/\/ordolea.com\/producto\/pack-500ml\/","name":"PROBIERPACKUNG 500ML - OR d&#039;Olea","isPartOf":{"@id":"https:\/\/ordolea.com\/#website"},"primaryImageOfPage":{"@id":"https:\/\/ordolea.com\/producto\/pack-500ml\/#primaryimage"},"image":{"@id":"https:\/\/ordolea.com\/producto\/pack-500ml\/#primaryimage"},"thumbnailUrl":"https:\/\/ordolea.com\/wp-content\/uploads\/2024\/02\/PACK-500.webp","datePublished":"2024-02-14T11:05:11+00:00","dateModified":"2024-07-22T07:11:46+00:00","breadcrumb":{"@id":"https:\/\/ordolea.com\/producto\/pack-500ml\/#breadcrumb"},"inLanguage":"de","potentialAction":[{"@type":"ReadAction","target":["https:\/\/ordolea.com\/producto\/pack-500ml\/"]}]},{"@type":"ImageObject","inLanguage":"de","@id":"https:\/\/ordolea.com\/producto\/pack-500ml\/#primaryimage","url":"https:\/\/ordolea.com\/wp-content\/uploads\/2024\/02\/PACK-500.webp","contentUrl":"https:\/\/ordolea.com\/wp-content\/uploads\/2024\/02\/PACK-500.webp","width":500,"height":500},{"@type":"BreadcrumbList","@id":"https:\/\/ordolea.com\/producto\/pack-500ml\/#breadcrumb","itemListElement":[{"@type":"ListItem","position":1,"name":"Portada","item":"https:\/\/ordolea.com\/de\/"},{"@type":"ListItem","position":2,"name":"Shop","item":"https:\/\/ordolea.com\/tienda\/"},{"@type":"ListItem","position":3,"name":"PROBIERPACKUNG 500ML"}]},{"@type":"WebSite","@id":"https:\/\/ordolea.com\/#website","url":"https:\/\/ordolea.com\/","name":"OR d'Olea","description":"","publisher":{"@id":"https:\/\/ordolea.com\/#organization"},"alternateName":"Or d'Olea","potentialAction":[{"@type":"SearchAction","target":{"@type":"EntryPoint","urlTemplate":"https:\/\/ordolea.com\/?s={search_term_string}"},"query-input":{"@type":"PropertyValueSpecification","valueRequired":true,"valueName":"search_term_string"}}],"inLanguage":"de"},{"@type":"Organization","@id":"https:\/\/ordolea.com\/#organization","name":"Ordolea","url":"https:\/\/ordolea.com\/","logo":{"@type":"ImageObject","inLanguage":"de","@id":"https:\/\/ordolea.com\/#\/schema\/logo\/image\/","url":"https:\/\/ordolea.com\/wp-content\/uploads\/2024\/04\/Logo-OR-DOLEA-1.png","contentUrl":"https:\/\/ordolea.com\/wp-content\/uploads\/2024\/04\/Logo-OR-DOLEA-1.png","width":287,"height":455,"caption":"Ordolea"},"image":{"@id":"https:\/\/ordolea.com\/#\/schema\/logo\/image\/"},"sameAs":["https:\/\/www.facebook.com\/OrdOlea?locale=es_ES","https:\/\/www.instagram.com\/or_d_olea\/"]}]}},"_links":{"self":[{"href":"https:\/\/ordolea.com\/de\/wp-json\/wp\/v2\/product\/19327","targetHints":{"allow":["GET"]}}],"collection":[{"href":"https:\/\/ordolea.com\/de\/wp-json\/wp\/v2\/product"}],"about":[{"href":"https:\/\/ordolea.com\/de\/wp-json\/wp\/v2\/types\/product"}],"replies":[{"embeddable":true,"href":"https:\/\/ordolea.com\/de\/wp-json\/wp\/v2\/comments?post=19327"}],"version-history":[{"count":1,"href":"https:\/\/ordolea.com\/de\/wp-json\/wp\/v2\/product\/19327\/revisions"}],"predecessor-version":[{"id":19746,"href":"https:\/\/ordolea.com\/de\/wp-json\/wp\/v2\/product\/19327\/revisions\/19746"}],"wp:featuredmedia":[{"embeddable":true,"href":"https:\/\/ordolea.com\/de\/wp-json\/wp\/v2\/media\/19328"}],"wp:attachment":[{"href":"https:\/\/ordolea.com\/de\/wp-json\/wp\/v2\/media?parent=19327"}],"wp:term":[{"taxonomy":"product_cat","embeddable":true,"href":"https:\/\/ordolea.com\/de\/wp-json\/wp\/v2\/product_cat?post=19327"},{"taxonomy":"product_tag","embeddable":true,"href":"https:\/\/ordolea.com\/de\/wp-json\/wp\/v2\/product_tag?post=19327"}],"curies":[{"name":"wp","href":"https:\/\/api.w.org\/{rel}","templated":true}]}}