{"id":19514,"date":"2024-02-07T12:24:19","date_gmt":"2024-02-07T11:24:19","guid":{"rendered":"https:\/\/ordolea.com\/des-avantages\/"},"modified":"2024-06-23T14:00:07","modified_gmt":"2024-06-23T12:00:07","slug":"des-avantages","status":"publish","type":"page","link":"https:\/\/ordolea.com\/fr\/des-avantages\/","title":{"rendered":"Des avantages"},"content":{"rendered":"\t\t<div data-elementor-type=\"wp-page\" data-elementor-id=\"19514\" class=\"elementor elementor-19514 elementor-16935\">\n\t\t\t\t<div class=\"elementor-element elementor-element-0527e82 e-con-full wd-section-stretch-content e-flex e-con e-parent\" data-id=\"0527e82\" data-element_type=\"container\" data-settings=\"{&quot;background_background&quot;:&quot;classic&quot;}\">\n\t\t\t\t<div class=\"elementor-element elementor-element-a9dbf6d elementor-widget elementor-widget-image\" data-id=\"a9dbf6d\" data-element_type=\"widget\" data-widget_type=\"image.default\">\n\t\t\t\t<div class=\"elementor-widget-container\">\n\t\t\t\t\t\t\t\t\t\t\t\t\t<img fetchpriority=\"high\" decoding=\"async\" width=\"2560\" height=\"905\" src=\"https:\/\/ordolea.com\/wp-content\/uploads\/2024\/02\/ensalada_01-scaled.webp\" class=\"attachment-full size-full wp-image-17013\" alt=\"\" srcset=\"https:\/\/ordolea.com\/wp-content\/uploads\/2024\/02\/ensalada_01-scaled.webp 2560w, https:\/\/ordolea.com\/wp-content\/uploads\/2024\/02\/ensalada_01-400x141.webp 400w, https:\/\/ordolea.com\/wp-content\/uploads\/2024\/02\/ensalada_01-1300x460.webp 1300w, https:\/\/ordolea.com\/wp-content\/uploads\/2024\/02\/ensalada_01-768x272.webp 768w, https:\/\/ordolea.com\/wp-content\/uploads\/2024\/02\/ensalada_01-1536x543.webp 1536w, https:\/\/ordolea.com\/wp-content\/uploads\/2024\/02\/ensalada_01-2048x724.webp 2048w, https:\/\/ordolea.com\/wp-content\/uploads\/2024\/02\/ensalada_01-150x53.webp 150w\" sizes=\"(max-width: 2560px) 100vw, 2560px\" \/>\t\t\t\t\t\t\t\t\t\t\t\t\t<\/div>\n\t\t\t\t<\/div>\n\t\t\t\t<\/div>\n\t\t<div class=\"elementor-element elementor-element-5291914 wd-section-stretch-content e-con-full e-flex e-con e-parent\" data-id=\"5291914\" data-element_type=\"container\">\n\t\t<div class=\"elementor-element elementor-element-28809d9 e-con-full e-flex wd-section-disabled e-con e-child\" data-id=\"28809d9\" data-element_type=\"container\">\n\t\t\t\t<div class=\"elementor-element elementor-element-dacfa8d elementor-widget elementor-widget-heading\" data-id=\"dacfa8d\" data-element_type=\"widget\" data-widget_type=\"heading.default\">\n\t\t\t\t<div class=\"elementor-widget-container\">\n\t\t\t<h1 class=\"elementor-heading-title elementor-size-default\">LES 8 PRINCIPAUX AVANTAGES DE L'HOVE<\/h1>\t\t<\/div>\n\t\t\t\t<\/div>\n\t\t\t\t<div class=\"elementor-element elementor-element-012f18a color-scheme-inherit text-left elementor-widget elementor-widget-text-editor\" data-id=\"012f18a\" data-element_type=\"widget\" data-widget_type=\"text-editor.default\">\n\t\t\t\t<div class=\"elementor-widget-container\">\n\t\t\t\t\t\t\t<p>L&rsquo;Huile d&rsquo;Olive Vierge Extra (HOVE) est acclam\u00e9e comme l&rsquo;un des aliments les plus sains et les plus polyvalents disponibles, avec une longue liste de bienfaits qui vont bien au-del\u00e0 de simplement rehausser la saveur des aliments.<\/p>\n<h2>1. Evite les maladies cardiovasculaires<\/h2>\n<p>L\u00b4acide ol\u00e9ique, composant principal de l\u00b4huile d\u00b4olive vierge extra, aide \u00e0 r\u00e9duire le niveau de cholest\u00e9rol LDL (le mauvais) et \u00e0 augmenter le cholest\u00e9rol HDL (le bon) dans le sang.<\/p>\n<h2>2. Renforce le syst\u00e8me immunitaire<\/h2>\n<p>Les polyph\u00e9noles pr\u00e9sents dans l\u00b4huile d\u00b4olive vierge extra contiennent des propri\u00e9t\u00e9s immunitaires qui nous prot\u00e8gent contre les bact\u00e9ries et les virus.<\/p>\n<h2>3. R\u00e9duit le risques de cancer<\/h2>\n<p>Plusieurs \u00e9tudes concluent que le compos\u00e9 organique l\u00b4ol\u00e9ocanthal pr\u00e9sent dans l\u00b4EVOO est responsable de la destruction des cellules canc\u00e9reuses dans le corps.<\/p>\n<h2>4. Pr\u00e9vient le vieillissement pr\u00e9matur\u00e9<\/h2>\n<p>L\u00b4huile d\u00b4olive vierge extra contient aussi la vitamine E un puissant antioxydant qui aident \u00e0 combattre les radicaux libres et \u00e0 r\u00e9duire le processus de vieillissement des cellule.<\/p>\n<h2>5. Pr\u00e9vient la perte de m\u00e9moire et r\u00e9duit le risque de la maladie d\u00b4Alzheimer<\/h2>\n<p>L\u2019HOVE aide \u00e0 prot\u00e9ger les vaisseaux sanguins du cerveau et \u00e9limine m\u00eame les compos\u00e9s responsables du vieillissent c\u00e9r\u00e9bral.<\/p>\n<h2>6. C\u00b4est b\u00e9n\u00e9fique pour le syst\u00e8me digestif<\/h2>\n<p>L\u00b4acide ol\u00e9ique contenu dans l\u00b4huile d\u00b4olive favorise la fonction digestive, r\u00e9duit la s\u00e9cr\u00e9tion acide gastrique, aide \u00e0 combattre la constipation en ayant un l\u00e9ger effet laxatif et am\u00e9liore l\u00b4absorption intestinales des aliments.<\/p>\n<h2>7. Aide \u00e0 prot\u00e9ger et \u00e0 renforcer les os<\/h2>\n<p>Divers \u00e9tudes indiquent que les polyph\u00e9noles et les graisses mono insatur\u00e9es qui le composent peuvent ralentir la perte de masse osseuse.<\/p>\n<h2>8. Am\u00e9liore l\u00b4humeur<\/h2>\n<p>Les graisses saines contenues dans l\u00b4huile d\u00b4olive extra vierge aident \u00e0 r\u00e9guler les niveaux de dopamine et de s\u00e9rotonine dans le corps, des neurotransmetteurs qui influencent directement l\u00b4humeur.<\/p>\n\t\t\t\t\t\t<\/div>\n\t\t\t\t<\/div>\n\t\t\t\t<\/div>\n\t\t<div class=\"elementor-element elementor-element-6345ba5 e-con-full e-flex wd-section-disabled e-con e-child\" data-id=\"6345ba5\" data-element_type=\"container\">\n\t\t\t\t<div class=\"elementor-element elementor-element-3f58eeb elementor-widget elementor-widget-image\" data-id=\"3f58eeb\" data-element_type=\"widget\" data-widget_type=\"image.default\">\n\t\t\t\t<div class=\"elementor-widget-container\">\n\t\t\t\t\t\t\t\t\t\t\t\t\t<img decoding=\"async\" width=\"650\" height=\"1000\" src=\"https:\/\/ordolea.com\/wp-content\/uploads\/2024\/02\/aove.webp\" class=\"attachment-full size-full wp-image-17427\" alt=\"\" srcset=\"https:\/\/ordolea.com\/wp-content\/uploads\/2024\/02\/aove.webp 650w, https:\/\/ordolea.com\/wp-content\/uploads\/2024\/02\/aove-195x300.webp 195w, https:\/\/ordolea.com\/wp-content\/uploads\/2024\/02\/aove-520x800.webp 520w, https:\/\/ordolea.com\/wp-content\/uploads\/2024\/02\/aove-150x231.webp 150w\" sizes=\"(max-width: 650px) 100vw, 650px\" \/>\t\t\t\t\t\t\t\t\t\t\t\t\t<\/div>\n\t\t\t\t<\/div>\n\t\t\t\t<\/div>\n\t\t\t\t<\/div>\n\t\t\t\t<\/div>\n\t\t","protected":false},"excerpt":{"rendered":"<p>LES 8 PRINCIPAUX AVANTAGES DE L&rsquo;HOVE L&rsquo;Huile d&rsquo;Olive Vierge Extra (HOVE) est acclam\u00e9e comme l&rsquo;un des aliments les plus sains<\/p>\n","protected":false},"author":1,"featured_media":0,"parent":0,"menu_order":0,"comment_status":"closed","ping_status":"closed","template":"","meta":{"footnotes":""},"class_list":["post-19514","page","type-page","status-publish","hentry"],"yoast_head":"<!-- This site is optimized with the Yoast SEO plugin v23.9 - https:\/\/yoast.com\/wordpress\/plugins\/seo\/ -->\n<title>Les 8 principaux avantages de l&#039;HOVE - Ordolea<\/title>\n<meta name=\"description\" content=\"Descubre los 8 principales beneficios del aceite de oliva virgen extra y c\u00f3mo pueden ayudarte en tu d\u00eda a d\u00eda.\" \/>\n<meta name=\"robots\" content=\"index, follow, max-snippet:-1, max-image-preview:large, max-video-preview:-1\" \/>\n<link rel=\"canonical\" href=\"https:\/\/ordolea.com\/fr\/des-avantages\/\" \/>\n<meta property=\"og:locale\" content=\"fr_FR\" \/>\n<meta property=\"og:type\" content=\"article\" \/>\n<meta property=\"og:title\" content=\"Les 8 principaux avantages de l&#039;HOVE - Ordolea\" \/>\n<meta property=\"og:description\" content=\"Descubre los 8 principales beneficios del aceite de oliva virgen extra y c\u00f3mo pueden ayudarte en tu d\u00eda a d\u00eda.\" \/>\n<meta property=\"og:url\" content=\"https:\/\/ordolea.com\/fr\/des-avantages\/\" \/>\n<meta property=\"og:site_name\" content=\"OR d&#039;Olea\" \/>\n<meta property=\"article:publisher\" content=\"https:\/\/www.facebook.com\/OrdOlea?locale=es_ES\" \/>\n<meta property=\"article:modified_time\" content=\"2024-06-23T12:00:07+00:00\" \/>\n<meta property=\"og:image\" content=\"https:\/\/ordolea.com\/wp-content\/uploads\/2024\/02\/ensalada_01-scaled.webp\" \/>\n<meta name=\"twitter:card\" content=\"summary_large_image\" \/>\n<meta name=\"twitter:label1\" content=\"Dur\u00e9e de lecture estim\u00e9e\" \/>\n\t<meta name=\"twitter:data1\" content=\"2 minutes\" \/>\n<script type=\"application\/ld+json\" class=\"yoast-schema-graph\">{\"@context\":\"https:\/\/schema.org\",\"@graph\":[{\"@type\":\"WebPage\",\"@id\":\"https:\/\/ordolea.com\/fr\/des-avantages\/\",\"url\":\"https:\/\/ordolea.com\/fr\/des-avantages\/\",\"name\":\"Les 8 principaux avantages de l'HOVE - Ordolea\",\"isPartOf\":{\"@id\":\"https:\/\/ordolea.com\/#website\"},\"primaryImageOfPage\":{\"@id\":\"https:\/\/ordolea.com\/fr\/des-avantages\/#primaryimage\"},\"image\":{\"@id\":\"https:\/\/ordolea.com\/fr\/des-avantages\/#primaryimage\"},\"thumbnailUrl\":\"https:\/\/ordolea.com\/wp-content\/uploads\/2024\/02\/ensalada_01-scaled.webp\",\"datePublished\":\"2024-02-07T11:24:19+00:00\",\"dateModified\":\"2024-06-23T12:00:07+00:00\",\"description\":\"Descubre los 8 principales beneficios del aceite de oliva virgen extra y c\u00f3mo pueden ayudarte en tu d\u00eda a d\u00eda.\",\"breadcrumb\":{\"@id\":\"https:\/\/ordolea.com\/fr\/des-avantages\/#breadcrumb\"},\"inLanguage\":\"fr-FR\",\"potentialAction\":[{\"@type\":\"ReadAction\",\"target\":[\"https:\/\/ordolea.com\/fr\/des-avantages\/\"]}]},{\"@type\":\"ImageObject\",\"inLanguage\":\"fr-FR\",\"@id\":\"https:\/\/ordolea.com\/fr\/des-avantages\/#primaryimage\",\"url\":\"https:\/\/ordolea.com\/wp-content\/uploads\/2024\/02\/ensalada_01-scaled.webp\",\"contentUrl\":\"https:\/\/ordolea.com\/wp-content\/uploads\/2024\/02\/ensalada_01-scaled.webp\"},{\"@type\":\"BreadcrumbList\",\"@id\":\"https:\/\/ordolea.com\/fr\/des-avantages\/#breadcrumb\",\"itemListElement\":[{\"@type\":\"ListItem\",\"position\":1,\"name\":\"Portada\",\"item\":\"https:\/\/ordolea.com\/fr\/\"},{\"@type\":\"ListItem\",\"position\":2,\"name\":\"Des avantages\"}]},{\"@type\":\"WebSite\",\"@id\":\"https:\/\/ordolea.com\/#website\",\"url\":\"https:\/\/ordolea.com\/\",\"name\":\"OR d'Olea\",\"description\":\"\",\"publisher\":{\"@id\":\"https:\/\/ordolea.com\/#organization\"},\"alternateName\":\"Or d'Olea\",\"potentialAction\":[{\"@type\":\"SearchAction\",\"target\":{\"@type\":\"EntryPoint\",\"urlTemplate\":\"https:\/\/ordolea.com\/?s={search_term_string}\"},\"query-input\":{\"@type\":\"PropertyValueSpecification\",\"valueRequired\":true,\"valueName\":\"search_term_string\"}}],\"inLanguage\":\"fr-FR\"},{\"@type\":\"Organization\",\"@id\":\"https:\/\/ordolea.com\/#organization\",\"name\":\"Ordolea\",\"url\":\"https:\/\/ordolea.com\/\",\"logo\":{\"@type\":\"ImageObject\",\"inLanguage\":\"fr-FR\",\"@id\":\"https:\/\/ordolea.com\/#\/schema\/logo\/image\/\",\"url\":\"https:\/\/ordolea.com\/wp-content\/uploads\/2024\/04\/Logo-OR-DOLEA-1.png\",\"contentUrl\":\"https:\/\/ordolea.com\/wp-content\/uploads\/2024\/04\/Logo-OR-DOLEA-1.png\",\"width\":287,\"height\":455,\"caption\":\"Ordolea\"},\"image\":{\"@id\":\"https:\/\/ordolea.com\/#\/schema\/logo\/image\/\"},\"sameAs\":[\"https:\/\/www.facebook.com\/OrdOlea?locale=es_ES\",\"https:\/\/www.instagram.com\/or_d_olea\/\"]}]}<\/script>\n<!-- \/ Yoast SEO plugin. -->","yoast_head_json":{"title":"Les 8 principaux avantages de l'HOVE - Ordolea","description":"Descubre los 8 principales beneficios del aceite de oliva virgen extra y c\u00f3mo pueden ayudarte en tu d\u00eda a d\u00eda.","robots":{"index":"index","follow":"follow","max-snippet":"max-snippet:-1","max-image-preview":"max-image-preview:large","max-video-preview":"max-video-preview:-1"},"canonical":"https:\/\/ordolea.com\/fr\/des-avantages\/","og_locale":"fr_FR","og_type":"article","og_title":"Les 8 principaux avantages de l'HOVE - Ordolea","og_description":"Descubre los 8 principales beneficios del aceite de oliva virgen extra y c\u00f3mo pueden ayudarte en tu d\u00eda a d\u00eda.","og_url":"https:\/\/ordolea.com\/fr\/des-avantages\/","og_site_name":"OR d&#039;Olea","article_publisher":"https:\/\/www.facebook.com\/OrdOlea?locale=es_ES","article_modified_time":"2024-06-23T12:00:07+00:00","og_image":[{"url":"https:\/\/ordolea.com\/wp-content\/uploads\/2024\/02\/ensalada_01-scaled.webp"}],"twitter_card":"summary_large_image","twitter_misc":{"Dur\u00e9e de lecture estim\u00e9e":"2 minutes"},"schema":{"@context":"https:\/\/schema.org","@graph":[{"@type":"WebPage","@id":"https:\/\/ordolea.com\/fr\/des-avantages\/","url":"https:\/\/ordolea.com\/fr\/des-avantages\/","name":"Les 8 principaux avantages de l'HOVE - Ordolea","isPartOf":{"@id":"https:\/\/ordolea.com\/#website"},"primaryImageOfPage":{"@id":"https:\/\/ordolea.com\/fr\/des-avantages\/#primaryimage"},"image":{"@id":"https:\/\/ordolea.com\/fr\/des-avantages\/#primaryimage"},"thumbnailUrl":"https:\/\/ordolea.com\/wp-content\/uploads\/2024\/02\/ensalada_01-scaled.webp","datePublished":"2024-02-07T11:24:19+00:00","dateModified":"2024-06-23T12:00:07+00:00","description":"Descubre los 8 principales beneficios del aceite de oliva virgen extra y c\u00f3mo pueden ayudarte en tu d\u00eda a d\u00eda.","breadcrumb":{"@id":"https:\/\/ordolea.com\/fr\/des-avantages\/#breadcrumb"},"inLanguage":"fr-FR","potentialAction":[{"@type":"ReadAction","target":["https:\/\/ordolea.com\/fr\/des-avantages\/"]}]},{"@type":"ImageObject","inLanguage":"fr-FR","@id":"https:\/\/ordolea.com\/fr\/des-avantages\/#primaryimage","url":"https:\/\/ordolea.com\/wp-content\/uploads\/2024\/02\/ensalada_01-scaled.webp","contentUrl":"https:\/\/ordolea.com\/wp-content\/uploads\/2024\/02\/ensalada_01-scaled.webp"},{"@type":"BreadcrumbList","@id":"https:\/\/ordolea.com\/fr\/des-avantages\/#breadcrumb","itemListElement":[{"@type":"ListItem","position":1,"name":"Portada","item":"https:\/\/ordolea.com\/fr\/"},{"@type":"ListItem","position":2,"name":"Des avantages"}]},{"@type":"WebSite","@id":"https:\/\/ordolea.com\/#website","url":"https:\/\/ordolea.com\/","name":"OR d'Olea","description":"","publisher":{"@id":"https:\/\/ordolea.com\/#organization"},"alternateName":"Or d'Olea","potentialAction":[{"@type":"SearchAction","target":{"@type":"EntryPoint","urlTemplate":"https:\/\/ordolea.com\/?s={search_term_string}"},"query-input":{"@type":"PropertyValueSpecification","valueRequired":true,"valueName":"search_term_string"}}],"inLanguage":"fr-FR"},{"@type":"Organization","@id":"https:\/\/ordolea.com\/#organization","name":"Ordolea","url":"https:\/\/ordolea.com\/","logo":{"@type":"ImageObject","inLanguage":"fr-FR","@id":"https:\/\/ordolea.com\/#\/schema\/logo\/image\/","url":"https:\/\/ordolea.com\/wp-content\/uploads\/2024\/04\/Logo-OR-DOLEA-1.png","contentUrl":"https:\/\/ordolea.com\/wp-content\/uploads\/2024\/04\/Logo-OR-DOLEA-1.png","width":287,"height":455,"caption":"Ordolea"},"image":{"@id":"https:\/\/ordolea.com\/#\/schema\/logo\/image\/"},"sameAs":["https:\/\/www.facebook.com\/OrdOlea?locale=es_ES","https:\/\/www.instagram.com\/or_d_olea\/"]}]}},"_links":{"self":[{"href":"https:\/\/ordolea.com\/fr\/wp-json\/wp\/v2\/pages\/19514","targetHints":{"allow":["GET"]}}],"collection":[{"href":"https:\/\/ordolea.com\/fr\/wp-json\/wp\/v2\/pages"}],"about":[{"href":"https:\/\/ordolea.com\/fr\/wp-json\/wp\/v2\/types\/page"}],"author":[{"embeddable":true,"href":"https:\/\/ordolea.com\/fr\/wp-json\/wp\/v2\/users\/1"}],"replies":[{"embeddable":true,"href":"https:\/\/ordolea.com\/fr\/wp-json\/wp\/v2\/comments?post=19514"}],"version-history":[{"count":1,"href":"https:\/\/ordolea.com\/fr\/wp-json\/wp\/v2\/pages\/19514\/revisions"}],"predecessor-version":[{"id":19518,"href":"https:\/\/ordolea.com\/fr\/wp-json\/wp\/v2\/pages\/19514\/revisions\/19518"}],"wp:attachment":[{"href":"https:\/\/ordolea.com\/fr\/wp-json\/wp\/v2\/media?parent=19514"}],"curies":[{"name":"wp","href":"https:\/\/api.w.org\/{rel}","templated":true}]}}