{"id":19330,"date":"2024-02-23T11:47:14","date_gmt":"2024-02-23T10:47:14","guid":{"rendered":"https:\/\/ordolea.com\/producto\/tarjeta-regalo\/"},"modified":"2024-06-26T11:19:00","modified_gmt":"2024-06-26T09:19:00","slug":"tarjeta-regalo","status":"publish","type":"product","link":"https:\/\/ordolea.com\/fr\/producto\/tarjeta-regalo\/","title":{"rendered":"CARTE CADEAU"},"content":{"rendered":"","protected":false},"excerpt":{"rendered":"<p><strong>3 CARTES AU CHOIX<\/strong><\/p>\n<p>Vous cherchez un cadeau diff\u00e9rent?<\/p>\n<p>Offrez une des Cartes Cadeaux et surprenez avec de l&rsquo;Huile d&rsquo;Olive Vierge Extra d&rsquo;une qualit\u00e9 extraordinaire.<\/p>\n<p>La personne qui recevra la Carte Cadeau pourra choisir parmi les vari\u00e9t\u00e9s et les produits d&rsquo;OR d\u2019Olea.<\/p>\n<p>Il vous suffit de choisir une des 3 Cartes Cadeaux disponibles (30, 50 ou 100\u20ac) et nous vous enverrons un email avec le <strong>code <\/strong> de votre carte, pour que la personne \u00e0 qui vous souhaitez l&rsquo;offrir puisse l&rsquo;\u00e9changer sur notre site.<\/p>\n<p>Ces cartes n&rsquo;ont pas de date d&rsquo;expiration et offrent la libert\u00e9 de choisir le cadeau r\u00e9ellement d\u00e9sir\u00e9. Le code peut \u00eatre \u00e9chang\u00e9 contre tout produit de notre site OR d\u2019Olea d&rsquo;une valeur \u00e9quivalente \u00e0 celle de la carte cadeau.<\/p>\n","protected":false},"featured_media":19336,"comment_status":"closed","ping_status":"closed","template":"","meta":[],"product_cat":[143],"product_tag":[],"class_list":{"0":"post-19330","1":"product","2":"type-product","3":"status-publish","4":"has-post-thumbnail","6":"product_cat-tarjeta-de-regalo-fr","8":"first","9":"instock","10":"shipping-taxable","11":"purchasable","12":"product-type-variable"},"yoast_head":"<!-- This site is optimized with the Yoast SEO plugin v23.9 - https:\/\/yoast.com\/wordpress\/plugins\/seo\/ -->\n<title>CARTE CADEAU - OR d&#039;Olea<\/title>\n<meta name=\"robots\" content=\"index, follow, max-snippet:-1, max-image-preview:large, max-video-preview:-1\" \/>\n<link rel=\"canonical\" href=\"https:\/\/ordolea.com\/producto\/tarjeta-regalo\/\" \/>\n<meta property=\"og:locale\" content=\"fr_FR\" \/>\n<meta property=\"og:type\" content=\"article\" \/>\n<meta property=\"og:title\" content=\"CARTE CADEAU - OR d&#039;Olea\" \/>\n<meta property=\"og:description\" content=\"3 CARTES AU CHOIX  Vous cherchez un cadeau diff\u00e9rent?  Offrez une des Cartes Cadeaux et surprenez avec de l&#039;Huile d&#039;Olive Vierge Extra d&#039;une qualit\u00e9 extraordinaire.  La personne qui recevra la Carte Cadeau pourra choisir parmi les vari\u00e9t\u00e9s et les produits d&#039;OR d\u2019Olea.  Il vous suffit de choisir une des 3 Cartes Cadeaux disponibles (30, 50 ou 100\u20ac) et nous vous enverrons un email avec le code de votre carte, pour que la personne \u00e0 qui vous souhaitez l&#039;offrir puisse l&#039;\u00e9changer sur notre site.  Ces cartes n&#039;ont pas de date d&#039;expiration et offrent la libert\u00e9 de choisir le cadeau r\u00e9ellement d\u00e9sir\u00e9. Le code peut \u00eatre \u00e9chang\u00e9 contre tout produit de notre site OR d\u2019Olea d&#039;une valeur \u00e9quivalente \u00e0 celle de la carte cadeau.\" \/>\n<meta property=\"og:url\" content=\"https:\/\/ordolea.com\/producto\/tarjeta-regalo\/\" \/>\n<meta property=\"og:site_name\" content=\"OR d&#039;Olea\" \/>\n<meta property=\"article:publisher\" content=\"https:\/\/www.facebook.com\/OrdOlea?locale=es_ES\" \/>\n<meta property=\"article:modified_time\" content=\"2024-06-26T09:19:00+00:00\" \/>\n<meta property=\"og:image\" content=\"https:\/\/ordolea.com\/wp-content\/uploads\/2024\/02\/TARJETA-ORDOLEA.webp\" \/>\n\t<meta property=\"og:image:width\" content=\"1500\" \/>\n\t<meta property=\"og:image:height\" content=\"1500\" \/>\n\t<meta property=\"og:image:type\" content=\"image\/webp\" \/>\n<meta name=\"twitter:card\" content=\"summary_large_image\" \/>\n<meta name=\"twitter:label1\" content=\"Dur\u00e9e de lecture estim\u00e9e\" \/>\n\t<meta name=\"twitter:data1\" content=\"1 minute\" \/>\n<script type=\"application\/ld+json\" class=\"yoast-schema-graph\">{\"@context\":\"https:\/\/schema.org\",\"@graph\":[{\"@type\":\"WebPage\",\"@id\":\"https:\/\/ordolea.com\/producto\/tarjeta-regalo\/\",\"url\":\"https:\/\/ordolea.com\/producto\/tarjeta-regalo\/\",\"name\":\"CARTE CADEAU - OR d&#039;Olea\",\"isPartOf\":{\"@id\":\"https:\/\/ordolea.com\/#website\"},\"primaryImageOfPage\":{\"@id\":\"https:\/\/ordolea.com\/producto\/tarjeta-regalo\/#primaryimage\"},\"image\":{\"@id\":\"https:\/\/ordolea.com\/producto\/tarjeta-regalo\/#primaryimage\"},\"thumbnailUrl\":\"https:\/\/ordolea.com\/wp-content\/uploads\/2024\/02\/TARJETA-ORDOLEA.webp\",\"datePublished\":\"2024-02-23T10:47:14+00:00\",\"dateModified\":\"2024-06-26T09:19:00+00:00\",\"breadcrumb\":{\"@id\":\"https:\/\/ordolea.com\/producto\/tarjeta-regalo\/#breadcrumb\"},\"inLanguage\":\"fr-FR\",\"potentialAction\":[{\"@type\":\"ReadAction\",\"target\":[\"https:\/\/ordolea.com\/producto\/tarjeta-regalo\/\"]}]},{\"@type\":\"ImageObject\",\"inLanguage\":\"fr-FR\",\"@id\":\"https:\/\/ordolea.com\/producto\/tarjeta-regalo\/#primaryimage\",\"url\":\"https:\/\/ordolea.com\/wp-content\/uploads\/2024\/02\/TARJETA-ORDOLEA.webp\",\"contentUrl\":\"https:\/\/ordolea.com\/wp-content\/uploads\/2024\/02\/TARJETA-ORDOLEA.webp\",\"width\":1500,\"height\":1500},{\"@type\":\"BreadcrumbList\",\"@id\":\"https:\/\/ordolea.com\/producto\/tarjeta-regalo\/#breadcrumb\",\"itemListElement\":[{\"@type\":\"ListItem\",\"position\":1,\"name\":\"Portada\",\"item\":\"https:\/\/ordolea.com\/fr\/\"},{\"@type\":\"ListItem\",\"position\":2,\"name\":\"Boutique\",\"item\":\"https:\/\/ordolea.com\/fr\/boutique\/\"},{\"@type\":\"ListItem\",\"position\":3,\"name\":\"CARTE CADEAU\"}]},{\"@type\":\"WebSite\",\"@id\":\"https:\/\/ordolea.com\/#website\",\"url\":\"https:\/\/ordolea.com\/\",\"name\":\"OR d'Olea\",\"description\":\"\",\"publisher\":{\"@id\":\"https:\/\/ordolea.com\/#organization\"},\"alternateName\":\"Or d'Olea\",\"potentialAction\":[{\"@type\":\"SearchAction\",\"target\":{\"@type\":\"EntryPoint\",\"urlTemplate\":\"https:\/\/ordolea.com\/?s={search_term_string}\"},\"query-input\":{\"@type\":\"PropertyValueSpecification\",\"valueRequired\":true,\"valueName\":\"search_term_string\"}}],\"inLanguage\":\"fr-FR\"},{\"@type\":\"Organization\",\"@id\":\"https:\/\/ordolea.com\/#organization\",\"name\":\"Ordolea\",\"url\":\"https:\/\/ordolea.com\/\",\"logo\":{\"@type\":\"ImageObject\",\"inLanguage\":\"fr-FR\",\"@id\":\"https:\/\/ordolea.com\/#\/schema\/logo\/image\/\",\"url\":\"https:\/\/ordolea.com\/wp-content\/uploads\/2024\/04\/Logo-OR-DOLEA-1.png\",\"contentUrl\":\"https:\/\/ordolea.com\/wp-content\/uploads\/2024\/04\/Logo-OR-DOLEA-1.png\",\"width\":287,\"height\":455,\"caption\":\"Ordolea\"},\"image\":{\"@id\":\"https:\/\/ordolea.com\/#\/schema\/logo\/image\/\"},\"sameAs\":[\"https:\/\/www.facebook.com\/OrdOlea?locale=es_ES\",\"https:\/\/www.instagram.com\/or_d_olea\/\"]}]}<\/script>\n<!-- \/ Yoast SEO plugin. -->","yoast_head_json":{"title":"CARTE CADEAU - OR d&#039;Olea","robots":{"index":"index","follow":"follow","max-snippet":"max-snippet:-1","max-image-preview":"max-image-preview:large","max-video-preview":"max-video-preview:-1"},"canonical":"https:\/\/ordolea.com\/producto\/tarjeta-regalo\/","og_locale":"fr_FR","og_type":"article","og_title":"CARTE CADEAU - OR d&#039;Olea","og_description":"3 CARTES AU CHOIX  Vous cherchez un cadeau diff\u00e9rent?  Offrez une des Cartes Cadeaux et surprenez avec de l'Huile d'Olive Vierge Extra d'une qualit\u00e9 extraordinaire.  La personne qui recevra la Carte Cadeau pourra choisir parmi les vari\u00e9t\u00e9s et les produits d'OR d\u2019Olea.  Il vous suffit de choisir une des 3 Cartes Cadeaux disponibles (30, 50 ou 100\u20ac) et nous vous enverrons un email avec le code de votre carte, pour que la personne \u00e0 qui vous souhaitez l'offrir puisse l'\u00e9changer sur notre site.  Ces cartes n'ont pas de date d'expiration et offrent la libert\u00e9 de choisir le cadeau r\u00e9ellement d\u00e9sir\u00e9. Le code peut \u00eatre \u00e9chang\u00e9 contre tout produit de notre site OR d\u2019Olea d'une valeur \u00e9quivalente \u00e0 celle de la carte cadeau.","og_url":"https:\/\/ordolea.com\/producto\/tarjeta-regalo\/","og_site_name":"OR d&#039;Olea","article_publisher":"https:\/\/www.facebook.com\/OrdOlea?locale=es_ES","article_modified_time":"2024-06-26T09:19:00+00:00","og_image":[{"width":1500,"height":1500,"url":"https:\/\/ordolea.com\/wp-content\/uploads\/2024\/02\/TARJETA-ORDOLEA.webp","type":"image\/webp"}],"twitter_card":"summary_large_image","twitter_misc":{"Dur\u00e9e de lecture estim\u00e9e":"1 minute"},"schema":{"@context":"https:\/\/schema.org","@graph":[{"@type":"WebPage","@id":"https:\/\/ordolea.com\/producto\/tarjeta-regalo\/","url":"https:\/\/ordolea.com\/producto\/tarjeta-regalo\/","name":"CARTE CADEAU - OR d&#039;Olea","isPartOf":{"@id":"https:\/\/ordolea.com\/#website"},"primaryImageOfPage":{"@id":"https:\/\/ordolea.com\/producto\/tarjeta-regalo\/#primaryimage"},"image":{"@id":"https:\/\/ordolea.com\/producto\/tarjeta-regalo\/#primaryimage"},"thumbnailUrl":"https:\/\/ordolea.com\/wp-content\/uploads\/2024\/02\/TARJETA-ORDOLEA.webp","datePublished":"2024-02-23T10:47:14+00:00","dateModified":"2024-06-26T09:19:00+00:00","breadcrumb":{"@id":"https:\/\/ordolea.com\/producto\/tarjeta-regalo\/#breadcrumb"},"inLanguage":"fr-FR","potentialAction":[{"@type":"ReadAction","target":["https:\/\/ordolea.com\/producto\/tarjeta-regalo\/"]}]},{"@type":"ImageObject","inLanguage":"fr-FR","@id":"https:\/\/ordolea.com\/producto\/tarjeta-regalo\/#primaryimage","url":"https:\/\/ordolea.com\/wp-content\/uploads\/2024\/02\/TARJETA-ORDOLEA.webp","contentUrl":"https:\/\/ordolea.com\/wp-content\/uploads\/2024\/02\/TARJETA-ORDOLEA.webp","width":1500,"height":1500},{"@type":"BreadcrumbList","@id":"https:\/\/ordolea.com\/producto\/tarjeta-regalo\/#breadcrumb","itemListElement":[{"@type":"ListItem","position":1,"name":"Portada","item":"https:\/\/ordolea.com\/fr\/"},{"@type":"ListItem","position":2,"name":"Boutique","item":"https:\/\/ordolea.com\/fr\/boutique\/"},{"@type":"ListItem","position":3,"name":"CARTE CADEAU"}]},{"@type":"WebSite","@id":"https:\/\/ordolea.com\/#website","url":"https:\/\/ordolea.com\/","name":"OR d'Olea","description":"","publisher":{"@id":"https:\/\/ordolea.com\/#organization"},"alternateName":"Or d'Olea","potentialAction":[{"@type":"SearchAction","target":{"@type":"EntryPoint","urlTemplate":"https:\/\/ordolea.com\/?s={search_term_string}"},"query-input":{"@type":"PropertyValueSpecification","valueRequired":true,"valueName":"search_term_string"}}],"inLanguage":"fr-FR"},{"@type":"Organization","@id":"https:\/\/ordolea.com\/#organization","name":"Ordolea","url":"https:\/\/ordolea.com\/","logo":{"@type":"ImageObject","inLanguage":"fr-FR","@id":"https:\/\/ordolea.com\/#\/schema\/logo\/image\/","url":"https:\/\/ordolea.com\/wp-content\/uploads\/2024\/04\/Logo-OR-DOLEA-1.png","contentUrl":"https:\/\/ordolea.com\/wp-content\/uploads\/2024\/04\/Logo-OR-DOLEA-1.png","width":287,"height":455,"caption":"Ordolea"},"image":{"@id":"https:\/\/ordolea.com\/#\/schema\/logo\/image\/"},"sameAs":["https:\/\/www.facebook.com\/OrdOlea?locale=es_ES","https:\/\/www.instagram.com\/or_d_olea\/"]}]}},"_links":{"self":[{"href":"https:\/\/ordolea.com\/fr\/wp-json\/wp\/v2\/product\/19330","targetHints":{"allow":["GET"]}}],"collection":[{"href":"https:\/\/ordolea.com\/fr\/wp-json\/wp\/v2\/product"}],"about":[{"href":"https:\/\/ordolea.com\/fr\/wp-json\/wp\/v2\/types\/product"}],"replies":[{"embeddable":true,"href":"https:\/\/ordolea.com\/fr\/wp-json\/wp\/v2\/comments?post=19330"}],"version-history":[{"count":2,"href":"https:\/\/ordolea.com\/fr\/wp-json\/wp\/v2\/product\/19330\/revisions"}],"predecessor-version":[{"id":19568,"href":"https:\/\/ordolea.com\/fr\/wp-json\/wp\/v2\/product\/19330\/revisions\/19568"}],"wp:featuredmedia":[{"embeddable":true,"href":"https:\/\/ordolea.com\/fr\/wp-json\/wp\/v2\/media\/19336"}],"wp:attachment":[{"href":"https:\/\/ordolea.com\/fr\/wp-json\/wp\/v2\/media?parent=19330"}],"wp:term":[{"taxonomy":"product_cat","embeddable":true,"href":"https:\/\/ordolea.com\/fr\/wp-json\/wp\/v2\/product_cat?post=19330"},{"taxonomy":"product_tag","embeddable":true,"href":"https:\/\/ordolea.com\/fr\/wp-json\/wp\/v2\/product_tag?post=19330"}],"curies":[{"name":"wp","href":"https:\/\/api.w.org\/{rel}","templated":true}]}}