{"id":19337,"date":"2024-02-14T12:07:15","date_gmt":"2024-02-14T11:07:15","guid":{"rendered":"https:\/\/ordolea.com\/producto\/pack-degustacion-250ml\/"},"modified":"2024-06-26T11:19:15","modified_gmt":"2024-06-26T09:19:15","slug":"pack-degustacion-250ml","status":"publish","type":"product","link":"https:\/\/ordolea.com\/fr\/producto\/pack-degustacion-250ml\/","title":{"rendered":"PACK D\u00c9GUSTATION 250ML"},"content":{"rendered":"","protected":false},"excerpt":{"rendered":"<p>D\u00c9GUSTATION 3 VARI\u00c9T\u00c9S<\/p>\n<p>Pack comprenant 3 bouteilles de 250ml des 3 vari\u00e9t\u00e9s Premium de OR d\u2019Olea (Alfafarenca, Blanqueta et Man\u00e7anella). Un pack parfait pour les amateurs de bon huile, qui savourent et appr\u00e9cient les diff\u00e9rences entre les vari\u00e9t\u00e9s.<\/p>\n<p>Pr\u00e9sent\u00e9 dans une bo\u00eete pratique et tr\u00e8s attrayante.<br \/>\nUN CADEAU PARFAIT!<\/p>\n","protected":false},"featured_media":19338,"comment_status":"open","ping_status":"closed","template":"","meta":[],"product_cat":[145],"product_tag":[],"class_list":{"0":"post-19337","1":"product","2":"type-product","3":"status-publish","4":"has-post-thumbnail","6":"product_cat-pack-degustacion-fr","8":"first","9":"instock","10":"shipping-taxable","11":"purchasable","12":"product-type-simple"},"yoast_head":"<!-- This site is optimized with the Yoast SEO plugin v23.9 - https:\/\/yoast.com\/wordpress\/plugins\/seo\/ -->\n<title>PACK D\u00c9GUSTATION 250ML - OR d&#039;Olea<\/title>\n<meta name=\"robots\" content=\"index, follow, max-snippet:-1, max-image-preview:large, max-video-preview:-1\" \/>\n<link rel=\"canonical\" href=\"https:\/\/ordolea.com\/fr\/producto\/pack-degustacion-250ml\/\" \/>\n<meta property=\"og:locale\" content=\"fr_FR\" \/>\n<meta property=\"og:type\" content=\"article\" \/>\n<meta property=\"og:title\" content=\"PACK D\u00c9GUSTATION 250ML - OR d&#039;Olea\" \/>\n<meta property=\"og:description\" content=\"D\u00c9GUSTATION 3 VARI\u00c9T\u00c9S  Pack comprenant 3 bouteilles de 250ml des 3 vari\u00e9t\u00e9s Premium de OR d\u2019Olea (Alfafarenca, Blanqueta et Man\u00e7anella). Un pack parfait pour les amateurs de bon huile, qui savourent et appr\u00e9cient les diff\u00e9rences entre les vari\u00e9t\u00e9s.  Pr\u00e9sent\u00e9 dans une bo\u00eete pratique et tr\u00e8s attrayante. UN CADEAU PARFAIT!\" \/>\n<meta property=\"og:url\" content=\"https:\/\/ordolea.com\/fr\/producto\/pack-degustacion-250ml\/\" \/>\n<meta property=\"og:site_name\" content=\"OR d&#039;Olea\" \/>\n<meta property=\"article:publisher\" content=\"https:\/\/www.facebook.com\/OrdOlea?locale=es_ES\" \/>\n<meta property=\"article:modified_time\" content=\"2024-06-26T09:19:15+00:00\" \/>\n<meta property=\"og:image\" content=\"https:\/\/ordolea.com\/wp-content\/uploads\/2024\/02\/PACK-250.webp\" \/>\n\t<meta property=\"og:image:width\" content=\"500\" \/>\n\t<meta property=\"og:image:height\" content=\"500\" \/>\n\t<meta property=\"og:image:type\" content=\"image\/webp\" \/>\n<meta name=\"twitter:card\" content=\"summary_large_image\" \/>\n<meta name=\"twitter:label1\" content=\"Dur\u00e9e de lecture estim\u00e9e\" \/>\n\t<meta name=\"twitter:data1\" content=\"1 minute\" \/>\n<script type=\"application\/ld+json\" class=\"yoast-schema-graph\">{\"@context\":\"https:\/\/schema.org\",\"@graph\":[{\"@type\":\"WebPage\",\"@id\":\"https:\/\/ordolea.com\/fr\/producto\/pack-degustacion-250ml\/\",\"url\":\"https:\/\/ordolea.com\/fr\/producto\/pack-degustacion-250ml\/\",\"name\":\"PACK D\u00c9GUSTATION 250ML - OR d&#039;Olea\",\"isPartOf\":{\"@id\":\"https:\/\/ordolea.com\/#website\"},\"primaryImageOfPage\":{\"@id\":\"https:\/\/ordolea.com\/fr\/producto\/pack-degustacion-250ml\/#primaryimage\"},\"image\":{\"@id\":\"https:\/\/ordolea.com\/fr\/producto\/pack-degustacion-250ml\/#primaryimage\"},\"thumbnailUrl\":\"https:\/\/ordolea.com\/wp-content\/uploads\/2024\/02\/PACK-250.webp\",\"datePublished\":\"2024-02-14T11:07:15+00:00\",\"dateModified\":\"2024-06-26T09:19:15+00:00\",\"breadcrumb\":{\"@id\":\"https:\/\/ordolea.com\/fr\/producto\/pack-degustacion-250ml\/#breadcrumb\"},\"inLanguage\":\"fr-FR\",\"potentialAction\":[{\"@type\":\"ReadAction\",\"target\":[\"https:\/\/ordolea.com\/fr\/producto\/pack-degustacion-250ml\/\"]}]},{\"@type\":\"ImageObject\",\"inLanguage\":\"fr-FR\",\"@id\":\"https:\/\/ordolea.com\/fr\/producto\/pack-degustacion-250ml\/#primaryimage\",\"url\":\"https:\/\/ordolea.com\/wp-content\/uploads\/2024\/02\/PACK-250.webp\",\"contentUrl\":\"https:\/\/ordolea.com\/wp-content\/uploads\/2024\/02\/PACK-250.webp\",\"width\":500,\"height\":500},{\"@type\":\"BreadcrumbList\",\"@id\":\"https:\/\/ordolea.com\/fr\/producto\/pack-degustacion-250ml\/#breadcrumb\",\"itemListElement\":[{\"@type\":\"ListItem\",\"position\":1,\"name\":\"Portada\",\"item\":\"https:\/\/ordolea.com\/fr\/\"},{\"@type\":\"ListItem\",\"position\":2,\"name\":\"Boutique\",\"item\":\"https:\/\/ordolea.com\/fr\/boutique\/\"},{\"@type\":\"ListItem\",\"position\":3,\"name\":\"PACK D\u00c9GUSTATION 250ML\"}]},{\"@type\":\"WebSite\",\"@id\":\"https:\/\/ordolea.com\/#website\",\"url\":\"https:\/\/ordolea.com\/\",\"name\":\"OR d'Olea\",\"description\":\"\",\"publisher\":{\"@id\":\"https:\/\/ordolea.com\/#organization\"},\"alternateName\":\"Or d'Olea\",\"potentialAction\":[{\"@type\":\"SearchAction\",\"target\":{\"@type\":\"EntryPoint\",\"urlTemplate\":\"https:\/\/ordolea.com\/?s={search_term_string}\"},\"query-input\":{\"@type\":\"PropertyValueSpecification\",\"valueRequired\":true,\"valueName\":\"search_term_string\"}}],\"inLanguage\":\"fr-FR\"},{\"@type\":\"Organization\",\"@id\":\"https:\/\/ordolea.com\/#organization\",\"name\":\"Ordolea\",\"url\":\"https:\/\/ordolea.com\/\",\"logo\":{\"@type\":\"ImageObject\",\"inLanguage\":\"fr-FR\",\"@id\":\"https:\/\/ordolea.com\/#\/schema\/logo\/image\/\",\"url\":\"https:\/\/ordolea.com\/wp-content\/uploads\/2024\/04\/Logo-OR-DOLEA-1.png\",\"contentUrl\":\"https:\/\/ordolea.com\/wp-content\/uploads\/2024\/04\/Logo-OR-DOLEA-1.png\",\"width\":287,\"height\":455,\"caption\":\"Ordolea\"},\"image\":{\"@id\":\"https:\/\/ordolea.com\/#\/schema\/logo\/image\/\"},\"sameAs\":[\"https:\/\/www.facebook.com\/OrdOlea?locale=es_ES\",\"https:\/\/www.instagram.com\/or_d_olea\/\"]}]}<\/script>\n<!-- \/ Yoast SEO plugin. -->","yoast_head_json":{"title":"PACK D\u00c9GUSTATION 250ML - OR d&#039;Olea","robots":{"index":"index","follow":"follow","max-snippet":"max-snippet:-1","max-image-preview":"max-image-preview:large","max-video-preview":"max-video-preview:-1"},"canonical":"https:\/\/ordolea.com\/fr\/producto\/pack-degustacion-250ml\/","og_locale":"fr_FR","og_type":"article","og_title":"PACK D\u00c9GUSTATION 250ML - OR d&#039;Olea","og_description":"D\u00c9GUSTATION 3 VARI\u00c9T\u00c9S  Pack comprenant 3 bouteilles de 250ml des 3 vari\u00e9t\u00e9s Premium de OR d\u2019Olea (Alfafarenca, Blanqueta et Man\u00e7anella). Un pack parfait pour les amateurs de bon huile, qui savourent et appr\u00e9cient les diff\u00e9rences entre les vari\u00e9t\u00e9s.  Pr\u00e9sent\u00e9 dans une bo\u00eete pratique et tr\u00e8s attrayante. UN CADEAU PARFAIT!","og_url":"https:\/\/ordolea.com\/fr\/producto\/pack-degustacion-250ml\/","og_site_name":"OR d&#039;Olea","article_publisher":"https:\/\/www.facebook.com\/OrdOlea?locale=es_ES","article_modified_time":"2024-06-26T09:19:15+00:00","og_image":[{"width":500,"height":500,"url":"https:\/\/ordolea.com\/wp-content\/uploads\/2024\/02\/PACK-250.webp","type":"image\/webp"}],"twitter_card":"summary_large_image","twitter_misc":{"Dur\u00e9e de lecture estim\u00e9e":"1 minute"},"schema":{"@context":"https:\/\/schema.org","@graph":[{"@type":"WebPage","@id":"https:\/\/ordolea.com\/fr\/producto\/pack-degustacion-250ml\/","url":"https:\/\/ordolea.com\/fr\/producto\/pack-degustacion-250ml\/","name":"PACK D\u00c9GUSTATION 250ML - OR d&#039;Olea","isPartOf":{"@id":"https:\/\/ordolea.com\/#website"},"primaryImageOfPage":{"@id":"https:\/\/ordolea.com\/fr\/producto\/pack-degustacion-250ml\/#primaryimage"},"image":{"@id":"https:\/\/ordolea.com\/fr\/producto\/pack-degustacion-250ml\/#primaryimage"},"thumbnailUrl":"https:\/\/ordolea.com\/wp-content\/uploads\/2024\/02\/PACK-250.webp","datePublished":"2024-02-14T11:07:15+00:00","dateModified":"2024-06-26T09:19:15+00:00","breadcrumb":{"@id":"https:\/\/ordolea.com\/fr\/producto\/pack-degustacion-250ml\/#breadcrumb"},"inLanguage":"fr-FR","potentialAction":[{"@type":"ReadAction","target":["https:\/\/ordolea.com\/fr\/producto\/pack-degustacion-250ml\/"]}]},{"@type":"ImageObject","inLanguage":"fr-FR","@id":"https:\/\/ordolea.com\/fr\/producto\/pack-degustacion-250ml\/#primaryimage","url":"https:\/\/ordolea.com\/wp-content\/uploads\/2024\/02\/PACK-250.webp","contentUrl":"https:\/\/ordolea.com\/wp-content\/uploads\/2024\/02\/PACK-250.webp","width":500,"height":500},{"@type":"BreadcrumbList","@id":"https:\/\/ordolea.com\/fr\/producto\/pack-degustacion-250ml\/#breadcrumb","itemListElement":[{"@type":"ListItem","position":1,"name":"Portada","item":"https:\/\/ordolea.com\/fr\/"},{"@type":"ListItem","position":2,"name":"Boutique","item":"https:\/\/ordolea.com\/fr\/boutique\/"},{"@type":"ListItem","position":3,"name":"PACK D\u00c9GUSTATION 250ML"}]},{"@type":"WebSite","@id":"https:\/\/ordolea.com\/#website","url":"https:\/\/ordolea.com\/","name":"OR d'Olea","description":"","publisher":{"@id":"https:\/\/ordolea.com\/#organization"},"alternateName":"Or d'Olea","potentialAction":[{"@type":"SearchAction","target":{"@type":"EntryPoint","urlTemplate":"https:\/\/ordolea.com\/?s={search_term_string}"},"query-input":{"@type":"PropertyValueSpecification","valueRequired":true,"valueName":"search_term_string"}}],"inLanguage":"fr-FR"},{"@type":"Organization","@id":"https:\/\/ordolea.com\/#organization","name":"Ordolea","url":"https:\/\/ordolea.com\/","logo":{"@type":"ImageObject","inLanguage":"fr-FR","@id":"https:\/\/ordolea.com\/#\/schema\/logo\/image\/","url":"https:\/\/ordolea.com\/wp-content\/uploads\/2024\/04\/Logo-OR-DOLEA-1.png","contentUrl":"https:\/\/ordolea.com\/wp-content\/uploads\/2024\/04\/Logo-OR-DOLEA-1.png","width":287,"height":455,"caption":"Ordolea"},"image":{"@id":"https:\/\/ordolea.com\/#\/schema\/logo\/image\/"},"sameAs":["https:\/\/www.facebook.com\/OrdOlea?locale=es_ES","https:\/\/www.instagram.com\/or_d_olea\/"]}]}},"_links":{"self":[{"href":"https:\/\/ordolea.com\/fr\/wp-json\/wp\/v2\/product\/19337","targetHints":{"allow":["GET"]}}],"collection":[{"href":"https:\/\/ordolea.com\/fr\/wp-json\/wp\/v2\/product"}],"about":[{"href":"https:\/\/ordolea.com\/fr\/wp-json\/wp\/v2\/types\/product"}],"replies":[{"embeddable":true,"href":"https:\/\/ordolea.com\/fr\/wp-json\/wp\/v2\/comments?post=19337"}],"version-history":[{"count":1,"href":"https:\/\/ordolea.com\/fr\/wp-json\/wp\/v2\/product\/19337\/revisions"}],"predecessor-version":[{"id":19559,"href":"https:\/\/ordolea.com\/fr\/wp-json\/wp\/v2\/product\/19337\/revisions\/19559"}],"wp:featuredmedia":[{"embeddable":true,"href":"https:\/\/ordolea.com\/fr\/wp-json\/wp\/v2\/media\/19338"}],"wp:attachment":[{"href":"https:\/\/ordolea.com\/fr\/wp-json\/wp\/v2\/media?parent=19337"}],"wp:term":[{"taxonomy":"product_cat","embeddable":true,"href":"https:\/\/ordolea.com\/fr\/wp-json\/wp\/v2\/product_cat?post=19337"},{"taxonomy":"product_tag","embeddable":true,"href":"https:\/\/ordolea.com\/fr\/wp-json\/wp\/v2\/product_tag?post=19337"}],"curies":[{"name":"wp","href":"https:\/\/api.w.org\/{rel}","templated":true}]}}