{"id":19381,"date":"2024-01-12T12:48:37","date_gmt":"2024-01-12T11:48:37","guid":{"rendered":"https:\/\/ordolea.com\/producto\/mancanella-premium-500ml\/"},"modified":"2024-06-26T11:19:32","modified_gmt":"2024-06-26T09:19:32","slug":"mancanella-premium-500ml","status":"publish","type":"product","link":"https:\/\/ordolea.com\/fr\/producto\/mancanella-premium-500ml\/","title":{"rendered":"MAN\u00c7ANELLA PREMIUM 500ML"},"content":{"rendered":"","protected":false},"excerpt":{"rendered":"<div class=\"elementor-element elementor-element-72d92a9 color-scheme-inherit text-left elementor-widget elementor-widget-text-editor\" data-id=\"72d92a9\" data-element_type=\"widget\" data-widget_type=\"text-editor.default\">\n<div class=\"elementor-widget-container\">\n<p><strong>Saveur intense et fruit\u00e9e<\/strong><\/p>\n<\/div>\n<\/div>\n<div class=\"elementor-element elementor-element-e6b9970 color-scheme-inherit text-left elementor-widget elementor-widget-text-editor\" data-id=\"e6b9970\" data-element_type=\"widget\" data-widget_type=\"text-editor.default\">\n<div class=\"elementor-widget-container\">\n<p>L&rsquo;huile d&rsquo;olive vierge extra de la vari\u00e9t\u00e9 Man\u00e7anella est une huile intense et fruit\u00e9e, assez am\u00e8re et \u00e9pic\u00e9e avec un profil aromatique complexe d&rsquo;amande, de tomate, de pomme et de feuille verte.<\/p>\n<\/div>\n<\/div>\n","protected":false},"featured_media":19378,"comment_status":"open","ping_status":"closed","template":"","meta":[],"product_cat":[154],"product_tag":[150],"class_list":{"0":"post-19381","1":"product","2":"type-product","3":"status-publish","4":"has-post-thumbnail","6":"product_cat-mancanella-fr","7":"product_tag-500ml-fr","9":"first","10":"outofstock","11":"shipping-taxable","12":"purchasable","13":"product-type-simple"},"yoast_head":"<!-- This site is optimized with the Yoast SEO plugin v23.9 - https:\/\/yoast.com\/wordpress\/plugins\/seo\/ -->\n<title>MAN\u00c7ANELLA PREMIUM 500ML - OR d&#039;Olea<\/title>\n<meta name=\"robots\" content=\"index, follow, max-snippet:-1, max-image-preview:large, max-video-preview:-1\" \/>\n<link rel=\"canonical\" href=\"https:\/\/ordolea.com\/fr\/producto\/mancanella-premium-500ml\/\" \/>\n<meta property=\"og:locale\" content=\"fr_FR\" \/>\n<meta property=\"og:type\" content=\"article\" \/>\n<meta property=\"og:title\" content=\"MAN\u00c7ANELLA PREMIUM 500ML - OR d&#039;Olea\" \/>\n<meta property=\"og:description\" content=\"Saveur intense et fruit\u00e9e       L&#039;huile d&#039;olive vierge extra de la vari\u00e9t\u00e9 Man\u00e7anella est une huile intense et fruit\u00e9e, assez am\u00e8re et \u00e9pic\u00e9e avec un profil aromatique complexe d&#039;amande, de tomate, de pomme et de feuille verte.\" \/>\n<meta property=\"og:url\" content=\"https:\/\/ordolea.com\/fr\/producto\/mancanella-premium-500ml\/\" \/>\n<meta property=\"og:site_name\" content=\"OR d&#039;Olea\" \/>\n<meta property=\"article:publisher\" content=\"https:\/\/www.facebook.com\/OrdOlea?locale=es_ES\" \/>\n<meta property=\"article:modified_time\" content=\"2024-06-26T09:19:32+00:00\" \/>\n<meta property=\"og:image\" content=\"https:\/\/ordolea.com\/wp-content\/uploads\/2024\/01\/4.jpg\" \/>\n\t<meta property=\"og:image:width\" content=\"1500\" \/>\n\t<meta property=\"og:image:height\" content=\"1500\" \/>\n\t<meta property=\"og:image:type\" content=\"image\/jpeg\" \/>\n<meta name=\"twitter:card\" content=\"summary_large_image\" \/>\n<meta name=\"twitter:label1\" content=\"Dur\u00e9e de lecture estim\u00e9e\" \/>\n\t<meta name=\"twitter:data1\" content=\"1 minute\" \/>\n<script type=\"application\/ld+json\" class=\"yoast-schema-graph\">{\"@context\":\"https:\/\/schema.org\",\"@graph\":[{\"@type\":\"WebPage\",\"@id\":\"https:\/\/ordolea.com\/fr\/producto\/mancanella-premium-500ml\/\",\"url\":\"https:\/\/ordolea.com\/fr\/producto\/mancanella-premium-500ml\/\",\"name\":\"MAN\u00c7ANELLA PREMIUM 500ML - OR d&#039;Olea\",\"isPartOf\":{\"@id\":\"https:\/\/ordolea.com\/#website\"},\"primaryImageOfPage\":{\"@id\":\"https:\/\/ordolea.com\/fr\/producto\/mancanella-premium-500ml\/#primaryimage\"},\"image\":{\"@id\":\"https:\/\/ordolea.com\/fr\/producto\/mancanella-premium-500ml\/#primaryimage\"},\"thumbnailUrl\":\"https:\/\/ordolea.com\/wp-content\/uploads\/2024\/01\/4.jpg\",\"datePublished\":\"2024-01-12T11:48:37+00:00\",\"dateModified\":\"2024-06-26T09:19:32+00:00\",\"breadcrumb\":{\"@id\":\"https:\/\/ordolea.com\/fr\/producto\/mancanella-premium-500ml\/#breadcrumb\"},\"inLanguage\":\"fr-FR\",\"potentialAction\":[{\"@type\":\"ReadAction\",\"target\":[\"https:\/\/ordolea.com\/fr\/producto\/mancanella-premium-500ml\/\"]}]},{\"@type\":\"ImageObject\",\"inLanguage\":\"fr-FR\",\"@id\":\"https:\/\/ordolea.com\/fr\/producto\/mancanella-premium-500ml\/#primaryimage\",\"url\":\"https:\/\/ordolea.com\/wp-content\/uploads\/2024\/01\/4.jpg\",\"contentUrl\":\"https:\/\/ordolea.com\/wp-content\/uploads\/2024\/01\/4.jpg\",\"width\":1500,\"height\":1500},{\"@type\":\"BreadcrumbList\",\"@id\":\"https:\/\/ordolea.com\/fr\/producto\/mancanella-premium-500ml\/#breadcrumb\",\"itemListElement\":[{\"@type\":\"ListItem\",\"position\":1,\"name\":\"Portada\",\"item\":\"https:\/\/ordolea.com\/fr\/\"},{\"@type\":\"ListItem\",\"position\":2,\"name\":\"Boutique\",\"item\":\"https:\/\/ordolea.com\/fr\/boutique\/\"},{\"@type\":\"ListItem\",\"position\":3,\"name\":\"MAN\u00c7ANELLA PREMIUM 500ML\"}]},{\"@type\":\"WebSite\",\"@id\":\"https:\/\/ordolea.com\/#website\",\"url\":\"https:\/\/ordolea.com\/\",\"name\":\"OR d'Olea\",\"description\":\"\",\"publisher\":{\"@id\":\"https:\/\/ordolea.com\/#organization\"},\"alternateName\":\"Or d'Olea\",\"potentialAction\":[{\"@type\":\"SearchAction\",\"target\":{\"@type\":\"EntryPoint\",\"urlTemplate\":\"https:\/\/ordolea.com\/?s={search_term_string}\"},\"query-input\":{\"@type\":\"PropertyValueSpecification\",\"valueRequired\":true,\"valueName\":\"search_term_string\"}}],\"inLanguage\":\"fr-FR\"},{\"@type\":\"Organization\",\"@id\":\"https:\/\/ordolea.com\/#organization\",\"name\":\"Ordolea\",\"url\":\"https:\/\/ordolea.com\/\",\"logo\":{\"@type\":\"ImageObject\",\"inLanguage\":\"fr-FR\",\"@id\":\"https:\/\/ordolea.com\/#\/schema\/logo\/image\/\",\"url\":\"https:\/\/ordolea.com\/wp-content\/uploads\/2024\/04\/Logo-OR-DOLEA-1.png\",\"contentUrl\":\"https:\/\/ordolea.com\/wp-content\/uploads\/2024\/04\/Logo-OR-DOLEA-1.png\",\"width\":287,\"height\":455,\"caption\":\"Ordolea\"},\"image\":{\"@id\":\"https:\/\/ordolea.com\/#\/schema\/logo\/image\/\"},\"sameAs\":[\"https:\/\/www.facebook.com\/OrdOlea?locale=es_ES\",\"https:\/\/www.instagram.com\/or_d_olea\/\"]}]}<\/script>\n<!-- \/ Yoast SEO plugin. -->","yoast_head_json":{"title":"MAN\u00c7ANELLA PREMIUM 500ML - OR d&#039;Olea","robots":{"index":"index","follow":"follow","max-snippet":"max-snippet:-1","max-image-preview":"max-image-preview:large","max-video-preview":"max-video-preview:-1"},"canonical":"https:\/\/ordolea.com\/fr\/producto\/mancanella-premium-500ml\/","og_locale":"fr_FR","og_type":"article","og_title":"MAN\u00c7ANELLA PREMIUM 500ML - OR d&#039;Olea","og_description":"Saveur intense et fruit\u00e9e       L'huile d'olive vierge extra de la vari\u00e9t\u00e9 Man\u00e7anella est une huile intense et fruit\u00e9e, assez am\u00e8re et \u00e9pic\u00e9e avec un profil aromatique complexe d'amande, de tomate, de pomme et de feuille verte.","og_url":"https:\/\/ordolea.com\/fr\/producto\/mancanella-premium-500ml\/","og_site_name":"OR d&#039;Olea","article_publisher":"https:\/\/www.facebook.com\/OrdOlea?locale=es_ES","article_modified_time":"2024-06-26T09:19:32+00:00","og_image":[{"width":1500,"height":1500,"url":"https:\/\/ordolea.com\/wp-content\/uploads\/2024\/01\/4.jpg","type":"image\/jpeg"}],"twitter_card":"summary_large_image","twitter_misc":{"Dur\u00e9e de lecture estim\u00e9e":"1 minute"},"schema":{"@context":"https:\/\/schema.org","@graph":[{"@type":"WebPage","@id":"https:\/\/ordolea.com\/fr\/producto\/mancanella-premium-500ml\/","url":"https:\/\/ordolea.com\/fr\/producto\/mancanella-premium-500ml\/","name":"MAN\u00c7ANELLA PREMIUM 500ML - OR d&#039;Olea","isPartOf":{"@id":"https:\/\/ordolea.com\/#website"},"primaryImageOfPage":{"@id":"https:\/\/ordolea.com\/fr\/producto\/mancanella-premium-500ml\/#primaryimage"},"image":{"@id":"https:\/\/ordolea.com\/fr\/producto\/mancanella-premium-500ml\/#primaryimage"},"thumbnailUrl":"https:\/\/ordolea.com\/wp-content\/uploads\/2024\/01\/4.jpg","datePublished":"2024-01-12T11:48:37+00:00","dateModified":"2024-06-26T09:19:32+00:00","breadcrumb":{"@id":"https:\/\/ordolea.com\/fr\/producto\/mancanella-premium-500ml\/#breadcrumb"},"inLanguage":"fr-FR","potentialAction":[{"@type":"ReadAction","target":["https:\/\/ordolea.com\/fr\/producto\/mancanella-premium-500ml\/"]}]},{"@type":"ImageObject","inLanguage":"fr-FR","@id":"https:\/\/ordolea.com\/fr\/producto\/mancanella-premium-500ml\/#primaryimage","url":"https:\/\/ordolea.com\/wp-content\/uploads\/2024\/01\/4.jpg","contentUrl":"https:\/\/ordolea.com\/wp-content\/uploads\/2024\/01\/4.jpg","width":1500,"height":1500},{"@type":"BreadcrumbList","@id":"https:\/\/ordolea.com\/fr\/producto\/mancanella-premium-500ml\/#breadcrumb","itemListElement":[{"@type":"ListItem","position":1,"name":"Portada","item":"https:\/\/ordolea.com\/fr\/"},{"@type":"ListItem","position":2,"name":"Boutique","item":"https:\/\/ordolea.com\/fr\/boutique\/"},{"@type":"ListItem","position":3,"name":"MAN\u00c7ANELLA PREMIUM 500ML"}]},{"@type":"WebSite","@id":"https:\/\/ordolea.com\/#website","url":"https:\/\/ordolea.com\/","name":"OR d'Olea","description":"","publisher":{"@id":"https:\/\/ordolea.com\/#organization"},"alternateName":"Or d'Olea","potentialAction":[{"@type":"SearchAction","target":{"@type":"EntryPoint","urlTemplate":"https:\/\/ordolea.com\/?s={search_term_string}"},"query-input":{"@type":"PropertyValueSpecification","valueRequired":true,"valueName":"search_term_string"}}],"inLanguage":"fr-FR"},{"@type":"Organization","@id":"https:\/\/ordolea.com\/#organization","name":"Ordolea","url":"https:\/\/ordolea.com\/","logo":{"@type":"ImageObject","inLanguage":"fr-FR","@id":"https:\/\/ordolea.com\/#\/schema\/logo\/image\/","url":"https:\/\/ordolea.com\/wp-content\/uploads\/2024\/04\/Logo-OR-DOLEA-1.png","contentUrl":"https:\/\/ordolea.com\/wp-content\/uploads\/2024\/04\/Logo-OR-DOLEA-1.png","width":287,"height":455,"caption":"Ordolea"},"image":{"@id":"https:\/\/ordolea.com\/#\/schema\/logo\/image\/"},"sameAs":["https:\/\/www.facebook.com\/OrdOlea?locale=es_ES","https:\/\/www.instagram.com\/or_d_olea\/"]}]}},"_links":{"self":[{"href":"https:\/\/ordolea.com\/fr\/wp-json\/wp\/v2\/product\/19381","targetHints":{"allow":["GET"]}}],"collection":[{"href":"https:\/\/ordolea.com\/fr\/wp-json\/wp\/v2\/product"}],"about":[{"href":"https:\/\/ordolea.com\/fr\/wp-json\/wp\/v2\/types\/product"}],"replies":[{"embeddable":true,"href":"https:\/\/ordolea.com\/fr\/wp-json\/wp\/v2\/comments?post=19381"}],"version-history":[{"count":1,"href":"https:\/\/ordolea.com\/fr\/wp-json\/wp\/v2\/product\/19381\/revisions"}],"predecessor-version":[{"id":19566,"href":"https:\/\/ordolea.com\/fr\/wp-json\/wp\/v2\/product\/19381\/revisions\/19566"}],"wp:featuredmedia":[{"embeddable":true,"href":"https:\/\/ordolea.com\/fr\/wp-json\/wp\/v2\/media\/19378"}],"wp:attachment":[{"href":"https:\/\/ordolea.com\/fr\/wp-json\/wp\/v2\/media?parent=19381"}],"wp:term":[{"taxonomy":"product_cat","embeddable":true,"href":"https:\/\/ordolea.com\/fr\/wp-json\/wp\/v2\/product_cat?post=19381"},{"taxonomy":"product_tag","embeddable":true,"href":"https:\/\/ordolea.com\/fr\/wp-json\/wp\/v2\/product_tag?post=19381"}],"curies":[{"name":"wp","href":"https:\/\/api.w.org\/{rel}","templated":true}]}}